{"id":993,"date":"2021-06-01T17:29:57","date_gmt":"2021-06-01T15:29:57","guid":{"rendered":"https:\/\/www.distri-croquettes-gard.fr\/site\/?post_type=product&#038;p=993"},"modified":"2022-05-23T16:21:47","modified_gmt":"2022-05-23T14:21:47","slug":"belcando-adult-active-225-kg","status":"publish","type":"product","link":"https:\/\/www.distri-croquettes-gard.fr\/site\/produit\/belcando-adult-active-225-kg\/","title":{"rendered":"BELCANDO ADULT ACTIVE 22,5 Kg"},"content":{"rendered":"<h2>Composition<\/h2>\n<p>Viande de volaille fra\u00eeche (30 %); Ma\u00efs; Prot- \u00e9ine de volaille, pauvre en cendres, s\u00e9ch\u00e9e (15 %); Riz; Farine d\u2019avoine fourrag\u00e8re; Farine de poissons d\u00b4oc\u00e9an (5 %); Gousses de caroube, s\u00e9ch\u00e9es; Expeller de p\u00e9pins de raisin; Levure de bi\u00e8re, s\u00e9ch\u00e9e; G\u00e9latine, hydrolys\u00e9e (2,5 %); Graine de lin (2,3 %); Graisse de volaille; Huile v\u00e9g\u00e9tale (palme, coco); Pulpe de betterave s\u00e9ch\u00e9e, dessucr\u00e9e; Phosphate bicalcique; Foie de volaille, hydrolys\u00e9; Chlorure de sodium; Chlorure de potassium; Herbes, s\u00e9ch\u00e9es (Total : 0,2 %; Feuilles d\u00b4ortie, Racines de gentiane, Petite centaur\u00e9e, Camomille, Fenouil, Cumin, Herbe de gui, Herbe de millefeuille, Feuilles de m\u00fbres); Yucca schidigera.<\/p>\n<div class=\"column\">\n<h2>Composants analytiques<\/h2>\n<p>Prot\u00e9ines 25,0 %; Teneur en graisse 14,5 %; Cendres brutes 7,0 %; Cellulose brute 3,2 %; Humidit\u00e9 10,0 %; Calcium 1,3 %; Phosphore 0,9 %; Sodium 0,3 %.<\/p>\n<\/div>\n","protected":false},"excerpt":{"rendered":"<h2>25\/14,5<\/h2>\n<div id=\"short_description_block\">\n<div id=\"short_description_content\" class=\"rte align_justify\">\n<p>Adapt\u00e9 aux besoins des chiens actifs<\/p>\n<p>Favorise l\u2019endurance et la condition sportive<\/p>\n<p>Teneur \u00e9lev\u00e9e en prot\u00e9ines et graisses<\/p>\n<p>75% de prot\u00e9ines animales dont 55% de volaille<\/p>\n<\/div>\n<\/div>\n","protected":false},"featured_media":991,"template":"","meta":[],"product_brand":[],"product_cat":[163,156],"product_tag":[],"class_list":{"0":"post-993","1":"product","2":"type-product","3":"status-publish","6":"product_cat-belcando","7":"product_cat-nourritures-pour-chiens","9":"first","10":"instock","11":"shipping-taxable","12":"product-type-simple"},"yoast_head":"<!-- This site is optimized with the Yoast SEO plugin v27.3 - https:\/\/yoast.com\/product\/yoast-seo-wordpress\/ -->\n<title>BELCANDO ADULT ACTIVE 22,5 Kg - Distri-Croquettes-Gard<\/title>\n<meta name=\"robots\" content=\"index, follow, max-snippet:-1, max-image-preview:large, max-video-preview:-1\" \/>\n<link rel=\"canonical\" href=\"https:\/\/www.distri-croquettes-gard.fr\/site\/produit\/belcando-adult-active-225-kg\/\" \/>\n<meta property=\"og:locale\" content=\"fr_FR\" \/>\n<meta property=\"og:type\" content=\"article\" \/>\n<meta property=\"og:title\" content=\"BELCANDO ADULT ACTIVE 22,5 Kg - Distri-Croquettes-Gard\" \/>\n<meta property=\"og:description\" content=\"25\/14,5    Adapt\u00e9 aux besoins des chiens actifs  Favorise l\u2019endurance et la condition sportive  Teneur \u00e9lev\u00e9e en prot\u00e9ines et graisses  75% de prot\u00e9ines animales dont 55% de volaille\" \/>\n<meta property=\"og:url\" content=\"https:\/\/www.distri-croquettes-gard.fr\/site\/produit\/belcando-adult-active-225-kg\/\" \/>\n<meta property=\"og:site_name\" content=\"Distri-Croquettes-Gard\" \/>\n<meta property=\"article:modified_time\" content=\"2022-05-23T14:21:47+00:00\" \/>\n<meta property=\"og:image\" content=\"https:\/\/www.distri-croquettes-gard.fr\/site\/wp-content\/uploads\/2021\/06\/croquettes-chiens-belcando-adult-active.jpg\" \/>\n\t<meta property=\"og:image:width\" content=\"403\" \/>\n\t<meta property=\"og:image:height\" content=\"529\" \/>\n\t<meta property=\"og:image:type\" content=\"image\/jpeg\" \/>\n<meta name=\"twitter:card\" content=\"summary_large_image\" \/>\n<meta name=\"twitter:label1\" content=\"Dur\u00e9e de lecture estim\u00e9e\" \/>\n\t<meta name=\"twitter:data1\" content=\"1 minute\" \/>\n<script type=\"application\/ld+json\" class=\"yoast-schema-graph\">{\"@context\":\"https:\\\/\\\/schema.org\",\"@graph\":[{\"@type\":\"WebPage\",\"@id\":\"https:\\\/\\\/www.distri-croquettes-gard.fr\\\/site\\\/produit\\\/belcando-adult-active-225-kg\\\/\",\"url\":\"https:\\\/\\\/www.distri-croquettes-gard.fr\\\/site\\\/produit\\\/belcando-adult-active-225-kg\\\/\",\"name\":\"BELCANDO ADULT ACTIVE 22,5 Kg - Distri-Croquettes-Gard\",\"isPartOf\":{\"@id\":\"https:\\\/\\\/www.distri-croquettes-gard.fr\\\/site\\\/#website\"},\"primaryImageOfPage\":{\"@id\":\"https:\\\/\\\/www.distri-croquettes-gard.fr\\\/site\\\/produit\\\/belcando-adult-active-225-kg\\\/#primaryimage\"},\"image\":{\"@id\":\"https:\\\/\\\/www.distri-croquettes-gard.fr\\\/site\\\/produit\\\/belcando-adult-active-225-kg\\\/#primaryimage\"},\"thumbnailUrl\":\"https:\\\/\\\/www.distri-croquettes-gard.fr\\\/site\\\/wp-content\\\/uploads\\\/2021\\\/06\\\/croquettes-chiens-belcando-adult-active.jpg\",\"datePublished\":\"2021-06-01T15:29:57+00:00\",\"dateModified\":\"2022-05-23T14:21:47+00:00\",\"breadcrumb\":{\"@id\":\"https:\\\/\\\/www.distri-croquettes-gard.fr\\\/site\\\/produit\\\/belcando-adult-active-225-kg\\\/#breadcrumb\"},\"inLanguage\":\"fr-FR\",\"potentialAction\":[{\"@type\":\"ReadAction\",\"target\":[\"https:\\\/\\\/www.distri-croquettes-gard.fr\\\/site\\\/produit\\\/belcando-adult-active-225-kg\\\/\"]}]},{\"@type\":\"ImageObject\",\"inLanguage\":\"fr-FR\",\"@id\":\"https:\\\/\\\/www.distri-croquettes-gard.fr\\\/site\\\/produit\\\/belcando-adult-active-225-kg\\\/#primaryimage\",\"url\":\"https:\\\/\\\/www.distri-croquettes-gard.fr\\\/site\\\/wp-content\\\/uploads\\\/2021\\\/06\\\/croquettes-chiens-belcando-adult-active.jpg\",\"contentUrl\":\"https:\\\/\\\/www.distri-croquettes-gard.fr\\\/site\\\/wp-content\\\/uploads\\\/2021\\\/06\\\/croquettes-chiens-belcando-adult-active.jpg\",\"width\":403,\"height\":529},{\"@type\":\"BreadcrumbList\",\"@id\":\"https:\\\/\\\/www.distri-croquettes-gard.fr\\\/site\\\/produit\\\/belcando-adult-active-225-kg\\\/#breadcrumb\",\"itemListElement\":[{\"@type\":\"ListItem\",\"position\":1,\"name\":\"Accueil\",\"item\":\"https:\\\/\\\/www.distri-croquettes-gard.fr\\\/site\\\/\"},{\"@type\":\"ListItem\",\"position\":2,\"name\":\"D\u00e9couvrez certains de nos produits disponibles en magasin\",\"item\":\"https:\\\/\\\/www.distri-croquettes-gard.fr\\\/site\\\/boutique\\\/\"},{\"@type\":\"ListItem\",\"position\":3,\"name\":\"BELCANDO ADULT ACTIVE 22,5 Kg\"}]},{\"@type\":\"WebSite\",\"@id\":\"https:\\\/\\\/www.distri-croquettes-gard.fr\\\/site\\\/#website\",\"url\":\"https:\\\/\\\/www.distri-croquettes-gard.fr\\\/site\\\/\",\"name\":\"Distri-Croquettes-Gard\",\"description\":\"Alimentions pour Chien et Chat\",\"publisher\":{\"@id\":\"https:\\\/\\\/www.distri-croquettes-gard.fr\\\/site\\\/#organization\"},\"potentialAction\":[{\"@type\":\"SearchAction\",\"target\":{\"@type\":\"EntryPoint\",\"urlTemplate\":\"https:\\\/\\\/www.distri-croquettes-gard.fr\\\/site\\\/?s={search_term_string}\"},\"query-input\":{\"@type\":\"PropertyValueSpecification\",\"valueRequired\":true,\"valueName\":\"search_term_string\"}}],\"inLanguage\":\"fr-FR\"},{\"@type\":\"Organization\",\"@id\":\"https:\\\/\\\/www.distri-croquettes-gard.fr\\\/site\\\/#organization\",\"name\":\"Distri-Croquettes-Gard\",\"url\":\"https:\\\/\\\/www.distri-croquettes-gard.fr\\\/site\\\/\",\"logo\":{\"@type\":\"ImageObject\",\"inLanguage\":\"fr-FR\",\"@id\":\"https:\\\/\\\/www.distri-croquettes-gard.fr\\\/site\\\/#\\\/schema\\\/logo\\\/image\\\/\",\"url\":\"https:\\\/\\\/www.distri-croquettes-gard.fr\\\/site\\\/wp-content\\\/uploads\\\/2025\\\/02\\\/logo-distri-croquettes-gard.png\",\"contentUrl\":\"https:\\\/\\\/www.distri-croquettes-gard.fr\\\/site\\\/wp-content\\\/uploads\\\/2025\\\/02\\\/logo-distri-croquettes-gard.png\",\"width\":400,\"height\":78,\"caption\":\"Distri-Croquettes-Gard\"},\"image\":{\"@id\":\"https:\\\/\\\/www.distri-croquettes-gard.fr\\\/site\\\/#\\\/schema\\\/logo\\\/image\\\/\"}}]}<\/script>\n<!-- \/ Yoast SEO plugin. -->","yoast_head_json":{"title":"BELCANDO ADULT ACTIVE 22,5 Kg - Distri-Croquettes-Gard","robots":{"index":"index","follow":"follow","max-snippet":"max-snippet:-1","max-image-preview":"max-image-preview:large","max-video-preview":"max-video-preview:-1"},"canonical":"https:\/\/www.distri-croquettes-gard.fr\/site\/produit\/belcando-adult-active-225-kg\/","og_locale":"fr_FR","og_type":"article","og_title":"BELCANDO ADULT ACTIVE 22,5 Kg - Distri-Croquettes-Gard","og_description":"25\/14,5    Adapt\u00e9 aux besoins des chiens actifs  Favorise l\u2019endurance et la condition sportive  Teneur \u00e9lev\u00e9e en prot\u00e9ines et graisses  75% de prot\u00e9ines animales dont 55% de volaille","og_url":"https:\/\/www.distri-croquettes-gard.fr\/site\/produit\/belcando-adult-active-225-kg\/","og_site_name":"Distri-Croquettes-Gard","article_modified_time":"2022-05-23T14:21:47+00:00","og_image":[{"width":403,"height":529,"url":"https:\/\/www.distri-croquettes-gard.fr\/site\/wp-content\/uploads\/2021\/06\/croquettes-chiens-belcando-adult-active.jpg","type":"image\/jpeg"}],"twitter_card":"summary_large_image","twitter_misc":{"Dur\u00e9e de lecture estim\u00e9e":"1 minute"},"schema":{"@context":"https:\/\/schema.org","@graph":[{"@type":"WebPage","@id":"https:\/\/www.distri-croquettes-gard.fr\/site\/produit\/belcando-adult-active-225-kg\/","url":"https:\/\/www.distri-croquettes-gard.fr\/site\/produit\/belcando-adult-active-225-kg\/","name":"BELCANDO ADULT ACTIVE 22,5 Kg - Distri-Croquettes-Gard","isPartOf":{"@id":"https:\/\/www.distri-croquettes-gard.fr\/site\/#website"},"primaryImageOfPage":{"@id":"https:\/\/www.distri-croquettes-gard.fr\/site\/produit\/belcando-adult-active-225-kg\/#primaryimage"},"image":{"@id":"https:\/\/www.distri-croquettes-gard.fr\/site\/produit\/belcando-adult-active-225-kg\/#primaryimage"},"thumbnailUrl":"https:\/\/www.distri-croquettes-gard.fr\/site\/wp-content\/uploads\/2021\/06\/croquettes-chiens-belcando-adult-active.jpg","datePublished":"2021-06-01T15:29:57+00:00","dateModified":"2022-05-23T14:21:47+00:00","breadcrumb":{"@id":"https:\/\/www.distri-croquettes-gard.fr\/site\/produit\/belcando-adult-active-225-kg\/#breadcrumb"},"inLanguage":"fr-FR","potentialAction":[{"@type":"ReadAction","target":["https:\/\/www.distri-croquettes-gard.fr\/site\/produit\/belcando-adult-active-225-kg\/"]}]},{"@type":"ImageObject","inLanguage":"fr-FR","@id":"https:\/\/www.distri-croquettes-gard.fr\/site\/produit\/belcando-adult-active-225-kg\/#primaryimage","url":"https:\/\/www.distri-croquettes-gard.fr\/site\/wp-content\/uploads\/2021\/06\/croquettes-chiens-belcando-adult-active.jpg","contentUrl":"https:\/\/www.distri-croquettes-gard.fr\/site\/wp-content\/uploads\/2021\/06\/croquettes-chiens-belcando-adult-active.jpg","width":403,"height":529},{"@type":"BreadcrumbList","@id":"https:\/\/www.distri-croquettes-gard.fr\/site\/produit\/belcando-adult-active-225-kg\/#breadcrumb","itemListElement":[{"@type":"ListItem","position":1,"name":"Accueil","item":"https:\/\/www.distri-croquettes-gard.fr\/site\/"},{"@type":"ListItem","position":2,"name":"D\u00e9couvrez certains de nos produits disponibles en magasin","item":"https:\/\/www.distri-croquettes-gard.fr\/site\/boutique\/"},{"@type":"ListItem","position":3,"name":"BELCANDO ADULT ACTIVE 22,5 Kg"}]},{"@type":"WebSite","@id":"https:\/\/www.distri-croquettes-gard.fr\/site\/#website","url":"https:\/\/www.distri-croquettes-gard.fr\/site\/","name":"Distri-Croquettes-Gard","description":"Alimentions pour Chien et Chat","publisher":{"@id":"https:\/\/www.distri-croquettes-gard.fr\/site\/#organization"},"potentialAction":[{"@type":"SearchAction","target":{"@type":"EntryPoint","urlTemplate":"https:\/\/www.distri-croquettes-gard.fr\/site\/?s={search_term_string}"},"query-input":{"@type":"PropertyValueSpecification","valueRequired":true,"valueName":"search_term_string"}}],"inLanguage":"fr-FR"},{"@type":"Organization","@id":"https:\/\/www.distri-croquettes-gard.fr\/site\/#organization","name":"Distri-Croquettes-Gard","url":"https:\/\/www.distri-croquettes-gard.fr\/site\/","logo":{"@type":"ImageObject","inLanguage":"fr-FR","@id":"https:\/\/www.distri-croquettes-gard.fr\/site\/#\/schema\/logo\/image\/","url":"https:\/\/www.distri-croquettes-gard.fr\/site\/wp-content\/uploads\/2025\/02\/logo-distri-croquettes-gard.png","contentUrl":"https:\/\/www.distri-croquettes-gard.fr\/site\/wp-content\/uploads\/2025\/02\/logo-distri-croquettes-gard.png","width":400,"height":78,"caption":"Distri-Croquettes-Gard"},"image":{"@id":"https:\/\/www.distri-croquettes-gard.fr\/site\/#\/schema\/logo\/image\/"}}]}},"jetpack_sharing_enabled":true,"_links":{"self":[{"href":"https:\/\/www.distri-croquettes-gard.fr\/site\/wp-json\/wp\/v2\/product\/993","targetHints":{"allow":["GET"]}}],"collection":[{"href":"https:\/\/www.distri-croquettes-gard.fr\/site\/wp-json\/wp\/v2\/product"}],"about":[{"href":"https:\/\/www.distri-croquettes-gard.fr\/site\/wp-json\/wp\/v2\/types\/product"}],"version-history":[{"count":1,"href":"https:\/\/www.distri-croquettes-gard.fr\/site\/wp-json\/wp\/v2\/product\/993\/revisions"}],"predecessor-version":[{"id":994,"href":"https:\/\/www.distri-croquettes-gard.fr\/site\/wp-json\/wp\/v2\/product\/993\/revisions\/994"}],"wp:featuredmedia":[{"embeddable":true,"href":"https:\/\/www.distri-croquettes-gard.fr\/site\/wp-json\/wp\/v2\/media\/991"}],"wp:attachment":[{"href":"https:\/\/www.distri-croquettes-gard.fr\/site\/wp-json\/wp\/v2\/media?parent=993"}],"wp:term":[{"taxonomy":"product_brand","embeddable":true,"href":"https:\/\/www.distri-croquettes-gard.fr\/site\/wp-json\/wp\/v2\/product_brand?post=993"},{"taxonomy":"product_cat","embeddable":true,"href":"https:\/\/www.distri-croquettes-gard.fr\/site\/wp-json\/wp\/v2\/product_cat?post=993"},{"taxonomy":"product_tag","embeddable":true,"href":"https:\/\/www.distri-croquettes-gard.fr\/site\/wp-json\/wp\/v2\/product_tag?post=993"}],"curies":[{"name":"wp","href":"https:\/\/api.w.org\/{rel}","templated":true}]}}