{"id":776,"date":"2021-03-30T17:25:30","date_gmt":"2021-03-30T15:25:30","guid":{"rendered":"https:\/\/www.distri-croquettes-gard.fr\/site\/?post_type=product&#038;p=776"},"modified":"2022-05-23T16:45:23","modified_gmt":"2022-05-23T14:45:23","slug":"comprimes-levure-de-biere-pour-chien-et-chat-100-cps","status":"publish","type":"product","link":"https:\/\/www.distri-croquettes-gard.fr\/site\/produit\/comprimes-levure-de-biere-pour-chien-et-chat-100-cps\/","title":{"rendered":"Comprim\u00e9s levure de bi\u00e8re pour chien et chat &#8211; 100 cps"},"content":{"rendered":"<p>Aliment compl\u00e9mentaire pour chien et chat.<br \/>\nLes comprim\u00e9s levure de bi\u00e8re de Beaphar sont sp\u00e9cialement formul\u00e9s pour renforcer la sant\u00e9 et la beaut\u00e9 du pelage de<br \/>\nvotre animal. Ils constituent la solution id\u00e9ale en cas de probl\u00e8mes de peau, de perte de poils ou de pelage terne.<br \/>\nLa levure de bi\u00e8re est riche en vitamines B, en Zinc, en Phosphore et en Magn\u00e9sium. Elle est r\u00e9put\u00e9e pour ses vertus<br \/>\nb\u00e9n\u00e9fiques pour le pelage : elle renforce le poil et procure un pelage soyeux.<br \/>\nGr\u00e2ce aux comprim\u00e9s levure de bi\u00e8re, le pelage de votre animal retrouvera toute sa beaut\u00e9 et sa sant\u00e9.<br \/>\nConseils d\u2019utilisation :<br \/>\nAdministrer les comprim\u00e9s directement dans la gueule de l\u2019animal et lui faire boire un peu d\u2019eau. Les comprim\u00e9s peuvent<br \/>\n\u00e9galement \u00eatre \u00e9cras\u00e9s et m\u00e9lang\u00e9s \u00e0 l\u2019alimentation.<br \/>\nPour les chattes et les chiennes gestantes ou allaitantes, il est recommand\u00e9 de doubler la dose quotidienne. Ne pas donner \u00e0<br \/>\nun chaton ou \u00e0 un chiot \u00e2g\u00e9 de moins de 6 semaines. Tenir hors de port\u00e9e des enfants. Conserver dans un endroit frais et sec<br \/>\n(&lt; 25\u00b0C).<br \/>\nComposition : Levures, substances min\u00e9rales, sous-produits d\u2019origine v\u00e9g\u00e9tale.<br \/>\nConstituants analytiques : Prot\u00e9ines brutes 28%, cellulose brute 9%, mati\u00e8res grasses brutes 2,4%, cendres brutes 24%,<br \/>\nhumidit\u00e9 9%, calcium 7,6%, phosphore 5,7%, sodium 0,01%, potassium 0,07%.<br \/>\nAdditifs nutritionnels : Biotine 2600ug\/kg, E6 8mg\/kg<\/p>\n","protected":false},"excerpt":{"rendered":"<p>Dur\u00e9e de conservation : 24 mois<\/p>\n<p>Poids net : 65 g<br \/>\nContient : 100 comprim\u00e9s<br \/>\nRenforce la beaut\u00e9 du pelage<br \/>\nSoin pour la peau<br \/>\nRiche en vitamines B et min\u00e9raux<br \/>\nTr\u00e8s app\u00e8tent<\/p>\n","protected":false},"featured_media":775,"template":"","meta":[],"product_brand":[],"product_cat":[160],"product_tag":[],"class_list":{"0":"post-776","1":"product","2":"type-product","3":"status-publish","6":"product_cat-produits-soins","8":"first","9":"instock","10":"shipping-taxable","11":"product-type-simple"},"yoast_head":"<!-- This site is optimized with the Yoast SEO plugin v27.3 - https:\/\/yoast.com\/product\/yoast-seo-wordpress\/ -->\n<title>Comprim\u00e9s levure de bi\u00e8re pour chien et chat - 100 cps - Distri-Croquettes-Gard<\/title>\n<meta name=\"robots\" content=\"index, follow, max-snippet:-1, max-image-preview:large, max-video-preview:-1\" \/>\n<link rel=\"canonical\" href=\"https:\/\/www.distri-croquettes-gard.fr\/site\/produit\/comprimes-levure-de-biere-pour-chien-et-chat-100-cps\/\" \/>\n<meta property=\"og:locale\" content=\"fr_FR\" \/>\n<meta property=\"og:type\" content=\"article\" \/>\n<meta property=\"og:title\" content=\"Comprim\u00e9s levure de bi\u00e8re pour chien et chat - 100 cps - Distri-Croquettes-Gard\" \/>\n<meta property=\"og:description\" content=\"Dur\u00e9e de conservation : 24 mois  Poids net : 65 g Contient : 100 comprim\u00e9s Renforce la beaut\u00e9 du pelage Soin pour la peau Riche en vitamines B et min\u00e9raux Tr\u00e8s app\u00e8tent\" \/>\n<meta property=\"og:url\" content=\"https:\/\/www.distri-croquettes-gard.fr\/site\/produit\/comprimes-levure-de-biere-pour-chien-et-chat-100-cps\/\" \/>\n<meta property=\"og:site_name\" content=\"Distri-Croquettes-Gard\" \/>\n<meta property=\"article:modified_time\" content=\"2022-05-23T14:45:23+00:00\" \/>\n<meta property=\"og:image\" content=\"https:\/\/www.distri-croquettes-gard.fr\/site\/wp-content\/uploads\/2021\/03\/12458-main.jpg\" \/>\n\t<meta property=\"og:image:width\" content=\"2000\" \/>\n\t<meta property=\"og:image:height\" content=\"2000\" \/>\n\t<meta property=\"og:image:type\" content=\"image\/jpeg\" \/>\n<meta name=\"twitter:card\" content=\"summary_large_image\" \/>\n<meta name=\"twitter:label1\" content=\"Dur\u00e9e de lecture estim\u00e9e\" \/>\n\t<meta name=\"twitter:data1\" content=\"1 minute\" \/>\n<script type=\"application\/ld+json\" class=\"yoast-schema-graph\">{\"@context\":\"https:\\\/\\\/schema.org\",\"@graph\":[{\"@type\":\"WebPage\",\"@id\":\"https:\\\/\\\/www.distri-croquettes-gard.fr\\\/site\\\/produit\\\/comprimes-levure-de-biere-pour-chien-et-chat-100-cps\\\/\",\"url\":\"https:\\\/\\\/www.distri-croquettes-gard.fr\\\/site\\\/produit\\\/comprimes-levure-de-biere-pour-chien-et-chat-100-cps\\\/\",\"name\":\"Comprim\u00e9s levure de bi\u00e8re pour chien et chat - 100 cps - Distri-Croquettes-Gard\",\"isPartOf\":{\"@id\":\"https:\\\/\\\/www.distri-croquettes-gard.fr\\\/site\\\/#website\"},\"primaryImageOfPage\":{\"@id\":\"https:\\\/\\\/www.distri-croquettes-gard.fr\\\/site\\\/produit\\\/comprimes-levure-de-biere-pour-chien-et-chat-100-cps\\\/#primaryimage\"},\"image\":{\"@id\":\"https:\\\/\\\/www.distri-croquettes-gard.fr\\\/site\\\/produit\\\/comprimes-levure-de-biere-pour-chien-et-chat-100-cps\\\/#primaryimage\"},\"thumbnailUrl\":\"https:\\\/\\\/www.distri-croquettes-gard.fr\\\/site\\\/wp-content\\\/uploads\\\/2021\\\/03\\\/12458-main.jpg\",\"datePublished\":\"2021-03-30T15:25:30+00:00\",\"dateModified\":\"2022-05-23T14:45:23+00:00\",\"breadcrumb\":{\"@id\":\"https:\\\/\\\/www.distri-croquettes-gard.fr\\\/site\\\/produit\\\/comprimes-levure-de-biere-pour-chien-et-chat-100-cps\\\/#breadcrumb\"},\"inLanguage\":\"fr-FR\",\"potentialAction\":[{\"@type\":\"ReadAction\",\"target\":[\"https:\\\/\\\/www.distri-croquettes-gard.fr\\\/site\\\/produit\\\/comprimes-levure-de-biere-pour-chien-et-chat-100-cps\\\/\"]}]},{\"@type\":\"ImageObject\",\"inLanguage\":\"fr-FR\",\"@id\":\"https:\\\/\\\/www.distri-croquettes-gard.fr\\\/site\\\/produit\\\/comprimes-levure-de-biere-pour-chien-et-chat-100-cps\\\/#primaryimage\",\"url\":\"https:\\\/\\\/www.distri-croquettes-gard.fr\\\/site\\\/wp-content\\\/uploads\\\/2021\\\/03\\\/12458-main.jpg\",\"contentUrl\":\"https:\\\/\\\/www.distri-croquettes-gard.fr\\\/site\\\/wp-content\\\/uploads\\\/2021\\\/03\\\/12458-main.jpg\",\"width\":2000,\"height\":2000},{\"@type\":\"BreadcrumbList\",\"@id\":\"https:\\\/\\\/www.distri-croquettes-gard.fr\\\/site\\\/produit\\\/comprimes-levure-de-biere-pour-chien-et-chat-100-cps\\\/#breadcrumb\",\"itemListElement\":[{\"@type\":\"ListItem\",\"position\":1,\"name\":\"Accueil\",\"item\":\"https:\\\/\\\/www.distri-croquettes-gard.fr\\\/site\\\/\"},{\"@type\":\"ListItem\",\"position\":2,\"name\":\"D\u00e9couvrez certains de nos produits disponibles en magasin\",\"item\":\"https:\\\/\\\/www.distri-croquettes-gard.fr\\\/site\\\/boutique\\\/\"},{\"@type\":\"ListItem\",\"position\":3,\"name\":\"Comprim\u00e9s levure de bi\u00e8re pour chien et chat &#8211; 100 cps\"}]},{\"@type\":\"WebSite\",\"@id\":\"https:\\\/\\\/www.distri-croquettes-gard.fr\\\/site\\\/#website\",\"url\":\"https:\\\/\\\/www.distri-croquettes-gard.fr\\\/site\\\/\",\"name\":\"Distri-Croquettes-Gard\",\"description\":\"Alimentions pour Chien et Chat\",\"publisher\":{\"@id\":\"https:\\\/\\\/www.distri-croquettes-gard.fr\\\/site\\\/#organization\"},\"potentialAction\":[{\"@type\":\"SearchAction\",\"target\":{\"@type\":\"EntryPoint\",\"urlTemplate\":\"https:\\\/\\\/www.distri-croquettes-gard.fr\\\/site\\\/?s={search_term_string}\"},\"query-input\":{\"@type\":\"PropertyValueSpecification\",\"valueRequired\":true,\"valueName\":\"search_term_string\"}}],\"inLanguage\":\"fr-FR\"},{\"@type\":\"Organization\",\"@id\":\"https:\\\/\\\/www.distri-croquettes-gard.fr\\\/site\\\/#organization\",\"name\":\"Distri-Croquettes-Gard\",\"url\":\"https:\\\/\\\/www.distri-croquettes-gard.fr\\\/site\\\/\",\"logo\":{\"@type\":\"ImageObject\",\"inLanguage\":\"fr-FR\",\"@id\":\"https:\\\/\\\/www.distri-croquettes-gard.fr\\\/site\\\/#\\\/schema\\\/logo\\\/image\\\/\",\"url\":\"https:\\\/\\\/www.distri-croquettes-gard.fr\\\/site\\\/wp-content\\\/uploads\\\/2025\\\/02\\\/logo-distri-croquettes-gard.png\",\"contentUrl\":\"https:\\\/\\\/www.distri-croquettes-gard.fr\\\/site\\\/wp-content\\\/uploads\\\/2025\\\/02\\\/logo-distri-croquettes-gard.png\",\"width\":400,\"height\":78,\"caption\":\"Distri-Croquettes-Gard\"},\"image\":{\"@id\":\"https:\\\/\\\/www.distri-croquettes-gard.fr\\\/site\\\/#\\\/schema\\\/logo\\\/image\\\/\"}}]}<\/script>\n<!-- \/ Yoast SEO plugin. -->","yoast_head_json":{"title":"Comprim\u00e9s levure de bi\u00e8re pour chien et chat - 100 cps - Distri-Croquettes-Gard","robots":{"index":"index","follow":"follow","max-snippet":"max-snippet:-1","max-image-preview":"max-image-preview:large","max-video-preview":"max-video-preview:-1"},"canonical":"https:\/\/www.distri-croquettes-gard.fr\/site\/produit\/comprimes-levure-de-biere-pour-chien-et-chat-100-cps\/","og_locale":"fr_FR","og_type":"article","og_title":"Comprim\u00e9s levure de bi\u00e8re pour chien et chat - 100 cps - Distri-Croquettes-Gard","og_description":"Dur\u00e9e de conservation : 24 mois  Poids net : 65 g Contient : 100 comprim\u00e9s Renforce la beaut\u00e9 du pelage Soin pour la peau Riche en vitamines B et min\u00e9raux Tr\u00e8s app\u00e8tent","og_url":"https:\/\/www.distri-croquettes-gard.fr\/site\/produit\/comprimes-levure-de-biere-pour-chien-et-chat-100-cps\/","og_site_name":"Distri-Croquettes-Gard","article_modified_time":"2022-05-23T14:45:23+00:00","og_image":[{"width":2000,"height":2000,"url":"https:\/\/www.distri-croquettes-gard.fr\/site\/wp-content\/uploads\/2021\/03\/12458-main.jpg","type":"image\/jpeg"}],"twitter_card":"summary_large_image","twitter_misc":{"Dur\u00e9e de lecture estim\u00e9e":"1 minute"},"schema":{"@context":"https:\/\/schema.org","@graph":[{"@type":"WebPage","@id":"https:\/\/www.distri-croquettes-gard.fr\/site\/produit\/comprimes-levure-de-biere-pour-chien-et-chat-100-cps\/","url":"https:\/\/www.distri-croquettes-gard.fr\/site\/produit\/comprimes-levure-de-biere-pour-chien-et-chat-100-cps\/","name":"Comprim\u00e9s levure de bi\u00e8re pour chien et chat - 100 cps - Distri-Croquettes-Gard","isPartOf":{"@id":"https:\/\/www.distri-croquettes-gard.fr\/site\/#website"},"primaryImageOfPage":{"@id":"https:\/\/www.distri-croquettes-gard.fr\/site\/produit\/comprimes-levure-de-biere-pour-chien-et-chat-100-cps\/#primaryimage"},"image":{"@id":"https:\/\/www.distri-croquettes-gard.fr\/site\/produit\/comprimes-levure-de-biere-pour-chien-et-chat-100-cps\/#primaryimage"},"thumbnailUrl":"https:\/\/www.distri-croquettes-gard.fr\/site\/wp-content\/uploads\/2021\/03\/12458-main.jpg","datePublished":"2021-03-30T15:25:30+00:00","dateModified":"2022-05-23T14:45:23+00:00","breadcrumb":{"@id":"https:\/\/www.distri-croquettes-gard.fr\/site\/produit\/comprimes-levure-de-biere-pour-chien-et-chat-100-cps\/#breadcrumb"},"inLanguage":"fr-FR","potentialAction":[{"@type":"ReadAction","target":["https:\/\/www.distri-croquettes-gard.fr\/site\/produit\/comprimes-levure-de-biere-pour-chien-et-chat-100-cps\/"]}]},{"@type":"ImageObject","inLanguage":"fr-FR","@id":"https:\/\/www.distri-croquettes-gard.fr\/site\/produit\/comprimes-levure-de-biere-pour-chien-et-chat-100-cps\/#primaryimage","url":"https:\/\/www.distri-croquettes-gard.fr\/site\/wp-content\/uploads\/2021\/03\/12458-main.jpg","contentUrl":"https:\/\/www.distri-croquettes-gard.fr\/site\/wp-content\/uploads\/2021\/03\/12458-main.jpg","width":2000,"height":2000},{"@type":"BreadcrumbList","@id":"https:\/\/www.distri-croquettes-gard.fr\/site\/produit\/comprimes-levure-de-biere-pour-chien-et-chat-100-cps\/#breadcrumb","itemListElement":[{"@type":"ListItem","position":1,"name":"Accueil","item":"https:\/\/www.distri-croquettes-gard.fr\/site\/"},{"@type":"ListItem","position":2,"name":"D\u00e9couvrez certains de nos produits disponibles en magasin","item":"https:\/\/www.distri-croquettes-gard.fr\/site\/boutique\/"},{"@type":"ListItem","position":3,"name":"Comprim\u00e9s levure de bi\u00e8re pour chien et chat &#8211; 100 cps"}]},{"@type":"WebSite","@id":"https:\/\/www.distri-croquettes-gard.fr\/site\/#website","url":"https:\/\/www.distri-croquettes-gard.fr\/site\/","name":"Distri-Croquettes-Gard","description":"Alimentions pour Chien et Chat","publisher":{"@id":"https:\/\/www.distri-croquettes-gard.fr\/site\/#organization"},"potentialAction":[{"@type":"SearchAction","target":{"@type":"EntryPoint","urlTemplate":"https:\/\/www.distri-croquettes-gard.fr\/site\/?s={search_term_string}"},"query-input":{"@type":"PropertyValueSpecification","valueRequired":true,"valueName":"search_term_string"}}],"inLanguage":"fr-FR"},{"@type":"Organization","@id":"https:\/\/www.distri-croquettes-gard.fr\/site\/#organization","name":"Distri-Croquettes-Gard","url":"https:\/\/www.distri-croquettes-gard.fr\/site\/","logo":{"@type":"ImageObject","inLanguage":"fr-FR","@id":"https:\/\/www.distri-croquettes-gard.fr\/site\/#\/schema\/logo\/image\/","url":"https:\/\/www.distri-croquettes-gard.fr\/site\/wp-content\/uploads\/2025\/02\/logo-distri-croquettes-gard.png","contentUrl":"https:\/\/www.distri-croquettes-gard.fr\/site\/wp-content\/uploads\/2025\/02\/logo-distri-croquettes-gard.png","width":400,"height":78,"caption":"Distri-Croquettes-Gard"},"image":{"@id":"https:\/\/www.distri-croquettes-gard.fr\/site\/#\/schema\/logo\/image\/"}}]}},"jetpack_sharing_enabled":true,"_links":{"self":[{"href":"https:\/\/www.distri-croquettes-gard.fr\/site\/wp-json\/wp\/v2\/product\/776","targetHints":{"allow":["GET"]}}],"collection":[{"href":"https:\/\/www.distri-croquettes-gard.fr\/site\/wp-json\/wp\/v2\/product"}],"about":[{"href":"https:\/\/www.distri-croquettes-gard.fr\/site\/wp-json\/wp\/v2\/types\/product"}],"version-history":[{"count":2,"href":"https:\/\/www.distri-croquettes-gard.fr\/site\/wp-json\/wp\/v2\/product\/776\/revisions"}],"predecessor-version":[{"id":1063,"href":"https:\/\/www.distri-croquettes-gard.fr\/site\/wp-json\/wp\/v2\/product\/776\/revisions\/1063"}],"wp:featuredmedia":[{"embeddable":true,"href":"https:\/\/www.distri-croquettes-gard.fr\/site\/wp-json\/wp\/v2\/media\/775"}],"wp:attachment":[{"href":"https:\/\/www.distri-croquettes-gard.fr\/site\/wp-json\/wp\/v2\/media?parent=776"}],"wp:term":[{"taxonomy":"product_brand","embeddable":true,"href":"https:\/\/www.distri-croquettes-gard.fr\/site\/wp-json\/wp\/v2\/product_brand?post=776"},{"taxonomy":"product_cat","embeddable":true,"href":"https:\/\/www.distri-croquettes-gard.fr\/site\/wp-json\/wp\/v2\/product_cat?post=776"},{"taxonomy":"product_tag","embeddable":true,"href":"https:\/\/www.distri-croquettes-gard.fr\/site\/wp-json\/wp\/v2\/product_tag?post=776"}],"curies":[{"name":"wp","href":"https:\/\/api.w.org\/{rel}","templated":true}]}}