{"id":767,"date":"2021-03-30T16:53:11","date_gmt":"2021-03-30T14:53:11","guid":{"rendered":"https:\/\/www.distri-croquettes-gard.fr\/site\/?post_type=product&#038;p=767"},"modified":"2022-05-23T16:46:28","modified_gmt":"2022-05-23T14:46:28","slug":"spray-ultra-demelant-premium-volume-et-brillance-pour-chien-200-ml-aux-extraits-naturels-diris-de-lait-de-karite","status":"publish","type":"product","link":"https:\/\/www.distri-croquettes-gard.fr\/site\/produit\/spray-ultra-demelant-premium-volume-et-brillance-pour-chien-200-ml-aux-extraits-naturels-diris-de-lait-de-karite\/","title":{"rendered":"Spray ultra-d\u00e9m\u00ealant Premium volume et brillance Pour chien &#8211; 200 ml Aux extraits naturels d&rsquo;iris &#038; de lait de karit\u00e9"},"content":{"rendered":"<p>Propri\u00e9t\u00e9s : \u00c9labor\u00e9 par nos v\u00e9t\u00e9rinaires, ce spray facilite le d\u00e9m\u00ealage et le brossage en douceur sans graisser ni alourdir le<br \/>\npelage des chiens. Le lait de karit\u00e9 va lustrer et gainer les poils pour leur apporter une belle brillance tout en les prot\u00e9geant<br \/>\ndes agressions ext\u00e9rieures telles que la pollution. Riches en tanins et en irone, les extraits d\u2019iris ont des propri\u00e9t\u00e9s<br \/>\nr\u00e9paratrices, adoucissantes et hydratantes.<br \/>\nCe spray d\u00e9m\u00ealant a un pH neutre et respecte les peaux les plus sensibles.<br \/>\nConseils d&rsquo;utilisation : Pulv\u00e9riser \u00e0 une distance de 30 cm, laisser agir quelques minutes puis peigner ou brosser soigneusement le pelage.<br \/>\nIngr\u00e9dients : AQUA, GLYCERIN, PEG-12 DIMETHICONE, AMODIMETHICONE, PEG-40 HYDROGENATED CASTOR OIL, PHENOXYETHANOL,<br \/>\nSODIUM BENZOATE, PEG-7 GLYCERYL COCOATE, PARFUM, BUTYROSPERMUM PARKI I BUTTER, CETRIMONIUM CHLORIDE, TRIDECETH-12,<br \/>\nHYDROLYZED WHEAT PROTEIN, IRIS FLORENTINA ROOT EXTRACT, VITIS VINIFERA FRUIT EXTRACT, CITRIC ACID, SODIUM HYDROXIDE,<br \/>\nPOTASSIUM SORBATE.<br \/>\nConseils de prudence : Tenir hors de port\u00e9e des enfants.<\/p>\n","protected":false},"excerpt":{"rendered":"<p>Dur\u00e9e de conservation : 12 mois apr\u00e8s ouverture<br \/>\nVolume net : 200 ml<br \/>\nId\u00e9al pour faciliter le d\u00e9m\u00ealage du pelage<br \/>\nVolume &amp; brillance<br \/>\nAux polyph\u00e9nols de raisin<br \/>\npH neutre<br \/>\nSans parabens<br \/>\nAux extraits naturels d\u2019iris &amp; de lait de karit\u00e9<\/p>\n","protected":false},"featured_media":768,"template":"","meta":[],"product_brand":[],"product_cat":[164],"product_tag":[],"class_list":{"0":"post-767","1":"product","2":"type-product","3":"status-publish","6":"product_cat-shampooing","8":"first","9":"instock","10":"shipping-taxable","11":"product-type-simple"},"yoast_head":"<!-- This site is optimized with the Yoast SEO plugin v27.3 - https:\/\/yoast.com\/product\/yoast-seo-wordpress\/ -->\n<title>Spray ultra-d\u00e9m\u00ealant Premium volume et brillance Pour chien - 200 ml Aux extraits naturels d&#039;iris &amp; de lait de karit\u00e9 - Distri-Croquettes-Gard<\/title>\n<meta name=\"robots\" content=\"index, follow, max-snippet:-1, max-image-preview:large, max-video-preview:-1\" \/>\n<link rel=\"canonical\" href=\"https:\/\/www.distri-croquettes-gard.fr\/site\/produit\/spray-ultra-demelant-premium-volume-et-brillance-pour-chien-200-ml-aux-extraits-naturels-diris-de-lait-de-karite\/\" \/>\n<meta property=\"og:locale\" content=\"fr_FR\" \/>\n<meta property=\"og:type\" content=\"article\" \/>\n<meta property=\"og:title\" content=\"Spray ultra-d\u00e9m\u00ealant Premium volume et brillance Pour chien - 200 ml Aux extraits naturels d&#039;iris &amp; de lait de karit\u00e9 - Distri-Croquettes-Gard\" \/>\n<meta property=\"og:description\" content=\"Dur\u00e9e de conservation : 12 mois apr\u00e8s ouverture Volume net : 200 ml Id\u00e9al pour faciliter le d\u00e9m\u00ealage du pelage Volume &amp; brillance Aux polyph\u00e9nols de raisin pH neutre Sans parabens Aux extraits naturels d\u2019iris &amp; de lait de karit\u00e9\" \/>\n<meta property=\"og:url\" content=\"https:\/\/www.distri-croquettes-gard.fr\/site\/produit\/spray-ultra-demelant-premium-volume-et-brillance-pour-chien-200-ml-aux-extraits-naturels-diris-de-lait-de-karite\/\" \/>\n<meta property=\"og:site_name\" content=\"Distri-Croquettes-Gard\" \/>\n<meta property=\"article:modified_time\" content=\"2022-05-23T14:46:28+00:00\" \/>\n<meta property=\"og:image\" content=\"https:\/\/www.distri-croquettes-gard.fr\/site\/wp-content\/uploads\/2021\/03\/10148-2000.jpg\" \/>\n\t<meta property=\"og:image:width\" content=\"2000\" \/>\n\t<meta property=\"og:image:height\" content=\"2000\" \/>\n\t<meta property=\"og:image:type\" content=\"image\/jpeg\" \/>\n<meta name=\"twitter:card\" content=\"summary_large_image\" \/>\n<meta name=\"twitter:label1\" content=\"Dur\u00e9e de lecture estim\u00e9e\" \/>\n\t<meta name=\"twitter:data1\" content=\"1 minute\" \/>\n<script type=\"application\/ld+json\" class=\"yoast-schema-graph\">{\"@context\":\"https:\\\/\\\/schema.org\",\"@graph\":[{\"@type\":\"WebPage\",\"@id\":\"https:\\\/\\\/www.distri-croquettes-gard.fr\\\/site\\\/produit\\\/spray-ultra-demelant-premium-volume-et-brillance-pour-chien-200-ml-aux-extraits-naturels-diris-de-lait-de-karite\\\/\",\"url\":\"https:\\\/\\\/www.distri-croquettes-gard.fr\\\/site\\\/produit\\\/spray-ultra-demelant-premium-volume-et-brillance-pour-chien-200-ml-aux-extraits-naturels-diris-de-lait-de-karite\\\/\",\"name\":\"Spray ultra-d\u00e9m\u00ealant Premium volume et brillance Pour chien - 200 ml Aux extraits naturels d'iris & de lait de karit\u00e9 - Distri-Croquettes-Gard\",\"isPartOf\":{\"@id\":\"https:\\\/\\\/www.distri-croquettes-gard.fr\\\/site\\\/#website\"},\"primaryImageOfPage\":{\"@id\":\"https:\\\/\\\/www.distri-croquettes-gard.fr\\\/site\\\/produit\\\/spray-ultra-demelant-premium-volume-et-brillance-pour-chien-200-ml-aux-extraits-naturels-diris-de-lait-de-karite\\\/#primaryimage\"},\"image\":{\"@id\":\"https:\\\/\\\/www.distri-croquettes-gard.fr\\\/site\\\/produit\\\/spray-ultra-demelant-premium-volume-et-brillance-pour-chien-200-ml-aux-extraits-naturels-diris-de-lait-de-karite\\\/#primaryimage\"},\"thumbnailUrl\":\"https:\\\/\\\/www.distri-croquettes-gard.fr\\\/site\\\/wp-content\\\/uploads\\\/2021\\\/03\\\/10148-2000.jpg\",\"datePublished\":\"2021-03-30T14:53:11+00:00\",\"dateModified\":\"2022-05-23T14:46:28+00:00\",\"breadcrumb\":{\"@id\":\"https:\\\/\\\/www.distri-croquettes-gard.fr\\\/site\\\/produit\\\/spray-ultra-demelant-premium-volume-et-brillance-pour-chien-200-ml-aux-extraits-naturels-diris-de-lait-de-karite\\\/#breadcrumb\"},\"inLanguage\":\"fr-FR\",\"potentialAction\":[{\"@type\":\"ReadAction\",\"target\":[\"https:\\\/\\\/www.distri-croquettes-gard.fr\\\/site\\\/produit\\\/spray-ultra-demelant-premium-volume-et-brillance-pour-chien-200-ml-aux-extraits-naturels-diris-de-lait-de-karite\\\/\"]}]},{\"@type\":\"ImageObject\",\"inLanguage\":\"fr-FR\",\"@id\":\"https:\\\/\\\/www.distri-croquettes-gard.fr\\\/site\\\/produit\\\/spray-ultra-demelant-premium-volume-et-brillance-pour-chien-200-ml-aux-extraits-naturels-diris-de-lait-de-karite\\\/#primaryimage\",\"url\":\"https:\\\/\\\/www.distri-croquettes-gard.fr\\\/site\\\/wp-content\\\/uploads\\\/2021\\\/03\\\/10148-2000.jpg\",\"contentUrl\":\"https:\\\/\\\/www.distri-croquettes-gard.fr\\\/site\\\/wp-content\\\/uploads\\\/2021\\\/03\\\/10148-2000.jpg\",\"width\":2000,\"height\":2000},{\"@type\":\"BreadcrumbList\",\"@id\":\"https:\\\/\\\/www.distri-croquettes-gard.fr\\\/site\\\/produit\\\/spray-ultra-demelant-premium-volume-et-brillance-pour-chien-200-ml-aux-extraits-naturels-diris-de-lait-de-karite\\\/#breadcrumb\",\"itemListElement\":[{\"@type\":\"ListItem\",\"position\":1,\"name\":\"Accueil\",\"item\":\"https:\\\/\\\/www.distri-croquettes-gard.fr\\\/site\\\/\"},{\"@type\":\"ListItem\",\"position\":2,\"name\":\"D\u00e9couvrez certains de nos produits disponibles en magasin\",\"item\":\"https:\\\/\\\/www.distri-croquettes-gard.fr\\\/site\\\/boutique\\\/\"},{\"@type\":\"ListItem\",\"position\":3,\"name\":\"Spray ultra-d\u00e9m\u00ealant Premium volume et brillance Pour chien &#8211; 200 ml Aux extraits naturels d&rsquo;iris &#038; de lait de karit\u00e9\"}]},{\"@type\":\"WebSite\",\"@id\":\"https:\\\/\\\/www.distri-croquettes-gard.fr\\\/site\\\/#website\",\"url\":\"https:\\\/\\\/www.distri-croquettes-gard.fr\\\/site\\\/\",\"name\":\"Distri-Croquettes-Gard\",\"description\":\"Alimentions pour Chien et Chat\",\"publisher\":{\"@id\":\"https:\\\/\\\/www.distri-croquettes-gard.fr\\\/site\\\/#organization\"},\"potentialAction\":[{\"@type\":\"SearchAction\",\"target\":{\"@type\":\"EntryPoint\",\"urlTemplate\":\"https:\\\/\\\/www.distri-croquettes-gard.fr\\\/site\\\/?s={search_term_string}\"},\"query-input\":{\"@type\":\"PropertyValueSpecification\",\"valueRequired\":true,\"valueName\":\"search_term_string\"}}],\"inLanguage\":\"fr-FR\"},{\"@type\":\"Organization\",\"@id\":\"https:\\\/\\\/www.distri-croquettes-gard.fr\\\/site\\\/#organization\",\"name\":\"Distri-Croquettes-Gard\",\"url\":\"https:\\\/\\\/www.distri-croquettes-gard.fr\\\/site\\\/\",\"logo\":{\"@type\":\"ImageObject\",\"inLanguage\":\"fr-FR\",\"@id\":\"https:\\\/\\\/www.distri-croquettes-gard.fr\\\/site\\\/#\\\/schema\\\/logo\\\/image\\\/\",\"url\":\"https:\\\/\\\/www.distri-croquettes-gard.fr\\\/site\\\/wp-content\\\/uploads\\\/2025\\\/02\\\/logo-distri-croquettes-gard.png\",\"contentUrl\":\"https:\\\/\\\/www.distri-croquettes-gard.fr\\\/site\\\/wp-content\\\/uploads\\\/2025\\\/02\\\/logo-distri-croquettes-gard.png\",\"width\":400,\"height\":78,\"caption\":\"Distri-Croquettes-Gard\"},\"image\":{\"@id\":\"https:\\\/\\\/www.distri-croquettes-gard.fr\\\/site\\\/#\\\/schema\\\/logo\\\/image\\\/\"}}]}<\/script>\n<!-- \/ Yoast SEO plugin. -->","yoast_head_json":{"title":"Spray ultra-d\u00e9m\u00ealant Premium volume et brillance Pour chien - 200 ml Aux extraits naturels d'iris & de lait de karit\u00e9 - Distri-Croquettes-Gard","robots":{"index":"index","follow":"follow","max-snippet":"max-snippet:-1","max-image-preview":"max-image-preview:large","max-video-preview":"max-video-preview:-1"},"canonical":"https:\/\/www.distri-croquettes-gard.fr\/site\/produit\/spray-ultra-demelant-premium-volume-et-brillance-pour-chien-200-ml-aux-extraits-naturels-diris-de-lait-de-karite\/","og_locale":"fr_FR","og_type":"article","og_title":"Spray ultra-d\u00e9m\u00ealant Premium volume et brillance Pour chien - 200 ml Aux extraits naturels d'iris & de lait de karit\u00e9 - Distri-Croquettes-Gard","og_description":"Dur\u00e9e de conservation : 12 mois apr\u00e8s ouverture Volume net : 200 ml Id\u00e9al pour faciliter le d\u00e9m\u00ealage du pelage Volume &amp; brillance Aux polyph\u00e9nols de raisin pH neutre Sans parabens Aux extraits naturels d\u2019iris &amp; de lait de karit\u00e9","og_url":"https:\/\/www.distri-croquettes-gard.fr\/site\/produit\/spray-ultra-demelant-premium-volume-et-brillance-pour-chien-200-ml-aux-extraits-naturels-diris-de-lait-de-karite\/","og_site_name":"Distri-Croquettes-Gard","article_modified_time":"2022-05-23T14:46:28+00:00","og_image":[{"width":2000,"height":2000,"url":"https:\/\/www.distri-croquettes-gard.fr\/site\/wp-content\/uploads\/2021\/03\/10148-2000.jpg","type":"image\/jpeg"}],"twitter_card":"summary_large_image","twitter_misc":{"Dur\u00e9e de lecture estim\u00e9e":"1 minute"},"schema":{"@context":"https:\/\/schema.org","@graph":[{"@type":"WebPage","@id":"https:\/\/www.distri-croquettes-gard.fr\/site\/produit\/spray-ultra-demelant-premium-volume-et-brillance-pour-chien-200-ml-aux-extraits-naturels-diris-de-lait-de-karite\/","url":"https:\/\/www.distri-croquettes-gard.fr\/site\/produit\/spray-ultra-demelant-premium-volume-et-brillance-pour-chien-200-ml-aux-extraits-naturels-diris-de-lait-de-karite\/","name":"Spray ultra-d\u00e9m\u00ealant Premium volume et brillance Pour chien - 200 ml Aux extraits naturels d'iris & de lait de karit\u00e9 - Distri-Croquettes-Gard","isPartOf":{"@id":"https:\/\/www.distri-croquettes-gard.fr\/site\/#website"},"primaryImageOfPage":{"@id":"https:\/\/www.distri-croquettes-gard.fr\/site\/produit\/spray-ultra-demelant-premium-volume-et-brillance-pour-chien-200-ml-aux-extraits-naturels-diris-de-lait-de-karite\/#primaryimage"},"image":{"@id":"https:\/\/www.distri-croquettes-gard.fr\/site\/produit\/spray-ultra-demelant-premium-volume-et-brillance-pour-chien-200-ml-aux-extraits-naturels-diris-de-lait-de-karite\/#primaryimage"},"thumbnailUrl":"https:\/\/www.distri-croquettes-gard.fr\/site\/wp-content\/uploads\/2021\/03\/10148-2000.jpg","datePublished":"2021-03-30T14:53:11+00:00","dateModified":"2022-05-23T14:46:28+00:00","breadcrumb":{"@id":"https:\/\/www.distri-croquettes-gard.fr\/site\/produit\/spray-ultra-demelant-premium-volume-et-brillance-pour-chien-200-ml-aux-extraits-naturels-diris-de-lait-de-karite\/#breadcrumb"},"inLanguage":"fr-FR","potentialAction":[{"@type":"ReadAction","target":["https:\/\/www.distri-croquettes-gard.fr\/site\/produit\/spray-ultra-demelant-premium-volume-et-brillance-pour-chien-200-ml-aux-extraits-naturels-diris-de-lait-de-karite\/"]}]},{"@type":"ImageObject","inLanguage":"fr-FR","@id":"https:\/\/www.distri-croquettes-gard.fr\/site\/produit\/spray-ultra-demelant-premium-volume-et-brillance-pour-chien-200-ml-aux-extraits-naturels-diris-de-lait-de-karite\/#primaryimage","url":"https:\/\/www.distri-croquettes-gard.fr\/site\/wp-content\/uploads\/2021\/03\/10148-2000.jpg","contentUrl":"https:\/\/www.distri-croquettes-gard.fr\/site\/wp-content\/uploads\/2021\/03\/10148-2000.jpg","width":2000,"height":2000},{"@type":"BreadcrumbList","@id":"https:\/\/www.distri-croquettes-gard.fr\/site\/produit\/spray-ultra-demelant-premium-volume-et-brillance-pour-chien-200-ml-aux-extraits-naturels-diris-de-lait-de-karite\/#breadcrumb","itemListElement":[{"@type":"ListItem","position":1,"name":"Accueil","item":"https:\/\/www.distri-croquettes-gard.fr\/site\/"},{"@type":"ListItem","position":2,"name":"D\u00e9couvrez certains de nos produits disponibles en magasin","item":"https:\/\/www.distri-croquettes-gard.fr\/site\/boutique\/"},{"@type":"ListItem","position":3,"name":"Spray ultra-d\u00e9m\u00ealant Premium volume et brillance Pour chien &#8211; 200 ml Aux extraits naturels d&rsquo;iris &#038; de lait de karit\u00e9"}]},{"@type":"WebSite","@id":"https:\/\/www.distri-croquettes-gard.fr\/site\/#website","url":"https:\/\/www.distri-croquettes-gard.fr\/site\/","name":"Distri-Croquettes-Gard","description":"Alimentions pour Chien et Chat","publisher":{"@id":"https:\/\/www.distri-croquettes-gard.fr\/site\/#organization"},"potentialAction":[{"@type":"SearchAction","target":{"@type":"EntryPoint","urlTemplate":"https:\/\/www.distri-croquettes-gard.fr\/site\/?s={search_term_string}"},"query-input":{"@type":"PropertyValueSpecification","valueRequired":true,"valueName":"search_term_string"}}],"inLanguage":"fr-FR"},{"@type":"Organization","@id":"https:\/\/www.distri-croquettes-gard.fr\/site\/#organization","name":"Distri-Croquettes-Gard","url":"https:\/\/www.distri-croquettes-gard.fr\/site\/","logo":{"@type":"ImageObject","inLanguage":"fr-FR","@id":"https:\/\/www.distri-croquettes-gard.fr\/site\/#\/schema\/logo\/image\/","url":"https:\/\/www.distri-croquettes-gard.fr\/site\/wp-content\/uploads\/2025\/02\/logo-distri-croquettes-gard.png","contentUrl":"https:\/\/www.distri-croquettes-gard.fr\/site\/wp-content\/uploads\/2025\/02\/logo-distri-croquettes-gard.png","width":400,"height":78,"caption":"Distri-Croquettes-Gard"},"image":{"@id":"https:\/\/www.distri-croquettes-gard.fr\/site\/#\/schema\/logo\/image\/"}}]}},"jetpack_sharing_enabled":true,"_links":{"self":[{"href":"https:\/\/www.distri-croquettes-gard.fr\/site\/wp-json\/wp\/v2\/product\/767","targetHints":{"allow":["GET"]}}],"collection":[{"href":"https:\/\/www.distri-croquettes-gard.fr\/site\/wp-json\/wp\/v2\/product"}],"about":[{"href":"https:\/\/www.distri-croquettes-gard.fr\/site\/wp-json\/wp\/v2\/types\/product"}],"version-history":[{"count":1,"href":"https:\/\/www.distri-croquettes-gard.fr\/site\/wp-json\/wp\/v2\/product\/767\/revisions"}],"predecessor-version":[{"id":1049,"href":"https:\/\/www.distri-croquettes-gard.fr\/site\/wp-json\/wp\/v2\/product\/767\/revisions\/1049"}],"wp:featuredmedia":[{"embeddable":true,"href":"https:\/\/www.distri-croquettes-gard.fr\/site\/wp-json\/wp\/v2\/media\/768"}],"wp:attachment":[{"href":"https:\/\/www.distri-croquettes-gard.fr\/site\/wp-json\/wp\/v2\/media?parent=767"}],"wp:term":[{"taxonomy":"product_brand","embeddable":true,"href":"https:\/\/www.distri-croquettes-gard.fr\/site\/wp-json\/wp\/v2\/product_brand?post=767"},{"taxonomy":"product_cat","embeddable":true,"href":"https:\/\/www.distri-croquettes-gard.fr\/site\/wp-json\/wp\/v2\/product_cat?post=767"},{"taxonomy":"product_tag","embeddable":true,"href":"https:\/\/www.distri-croquettes-gard.fr\/site\/wp-json\/wp\/v2\/product_tag?post=767"}],"curies":[{"name":"wp","href":"https:\/\/api.w.org\/{rel}","templated":true}]}}