{"id":765,"date":"2021-03-30T16:47:41","date_gmt":"2021-03-30T14:47:41","guid":{"rendered":"https:\/\/www.distri-croquettes-gard.fr\/site\/?post_type=product&#038;p=765"},"modified":"2022-05-23T16:46:42","modified_gmt":"2022-05-23T14:46:42","slug":"shampooing-premium-anti-demangeaisons-pour-chien-250-ml-aux-extraits-naturels-de-calendula-de-menthe","status":"publish","type":"product","link":"https:\/\/www.distri-croquettes-gard.fr\/site\/produit\/shampooing-premium-anti-demangeaisons-pour-chien-250-ml-aux-extraits-naturels-de-calendula-de-menthe\/","title":{"rendered":"Shampooing Premium anti-d\u00e9mangeaisons  Pour chien &#8211; 250 ml Aux extraits naturels de calendula &#038; de menthe"},"content":{"rendered":"<p>Propri\u00e9t\u00e9s : \u00c9labor\u00e9 par nos v\u00e9t\u00e9rinaires, le shampooing anti-d\u00e9mangeaisons est sp\u00e9cialement adapt\u00e9 pour les chiens ayant<br \/>\ndes probl\u00e8mes d\u2019irritation et de sensibilit\u00e9 aux piq\u00fbres d\u2019insectes. Il contient du calendula, fleur utilis\u00e9e pour ses propri\u00e9t\u00e9s<br \/>\napaisantes et cicatrisantes et de la menthe, connue pour ses vertus calmantes et antibact\u00e9riennes. Ce shampooing<br \/>\nrestructure les poils cassants et hydrate les peaux sensibles.<br \/>\nCe shampooing a un pH neutre et convient aux peaux les plus sensibles.<br \/>\nConseils d&rsquo;utilisation : Mouiller l\u2019animal \u00e0 l\u2019eau ti\u00e8de. Appliquer le shampooing sur son dos et masser longuement le pelage. Rincer<br \/>\nabondamment, puis s\u00e9cher. En cas de projection dans les yeux, rincer imm\u00e9diatement \u00e0 l\u2019eau ti\u00e8de.<br \/>\nConseils de prudence : Tenir hors de port\u00e9e des enfants.<br \/>\nIngr\u00e9dients : AQUA, SODIUM LAURETH SULFATE, GLYCERIN, COCAMIDOPROPYL BETAINE, SODIUM CHLORIDE, BENZYL ALCOHOL, CETYL<br \/>\nPALMITATE, ALLANTOIN, PARFUM, BEHENETH-10, HYDROGENATED CASTOR OIL, GLYCERYL STEARATE, SODIUM HYDROXIDE, CALENDULA<br \/>\nOFFICINALIS FLOWER EXTRACT, MENTHA PIPERITA LEAF EXTRACT, MALTODEXTRIN, BISABOLOL, CALCIUM PANTOTHENATE, PYRIDOXINE,<br \/>\nVITIS VINIFERA FRUIT EXTRACT, FORMIC ACID, METHYLCHLOROISOTHIAZOLINONE, METHYLISOTHIAZOLINONE, CI 19140, CI 42090<\/p>\n","protected":false},"excerpt":{"rendered":"<p>Dur\u00e9e de conservation : 12 mois apr\u00e8s ouverture<br \/>\nVolume net : 250 ml<br \/>\nId\u00e9al pour les pelages de chiens irrit\u00e9s<br \/>\nAux extrait naturels de calendula &amp; de menthe<br \/>\nAux polyph\u00e9nols de raisin<br \/>\npH neutre<br \/>\nSans parabens<\/p>\n","protected":false},"featured_media":766,"template":"","meta":[],"product_brand":[],"product_cat":[164],"product_tag":[],"class_list":{"0":"post-765","1":"product","2":"type-product","3":"status-publish","6":"product_cat-shampooing","8":"first","9":"instock","10":"shipping-taxable","11":"product-type-simple"},"yoast_head":"<!-- This site is optimized with the Yoast SEO plugin v27.3 - https:\/\/yoast.com\/product\/yoast-seo-wordpress\/ -->\n<title>Shampooing Premium anti-d\u00e9mangeaisons Pour chien - 250 ml Aux extraits naturels de calendula &amp; de menthe - Distri-Croquettes-Gard<\/title>\n<meta name=\"robots\" content=\"index, follow, max-snippet:-1, max-image-preview:large, max-video-preview:-1\" \/>\n<link rel=\"canonical\" href=\"https:\/\/www.distri-croquettes-gard.fr\/site\/produit\/shampooing-premium-anti-demangeaisons-pour-chien-250-ml-aux-extraits-naturels-de-calendula-de-menthe\/\" \/>\n<meta property=\"og:locale\" content=\"fr_FR\" \/>\n<meta property=\"og:type\" content=\"article\" \/>\n<meta property=\"og:title\" content=\"Shampooing Premium anti-d\u00e9mangeaisons Pour chien - 250 ml Aux extraits naturels de calendula &amp; de menthe - Distri-Croquettes-Gard\" \/>\n<meta property=\"og:description\" content=\"Dur\u00e9e de conservation : 12 mois apr\u00e8s ouverture Volume net : 250 ml Id\u00e9al pour les pelages de chiens irrit\u00e9s Aux extrait naturels de calendula &amp; de menthe Aux polyph\u00e9nols de raisin pH neutre Sans parabens\" \/>\n<meta property=\"og:url\" content=\"https:\/\/www.distri-croquettes-gard.fr\/site\/produit\/shampooing-premium-anti-demangeaisons-pour-chien-250-ml-aux-extraits-naturels-de-calendula-de-menthe\/\" \/>\n<meta property=\"og:site_name\" content=\"Distri-Croquettes-Gard\" \/>\n<meta property=\"article:modified_time\" content=\"2022-05-23T14:46:42+00:00\" \/>\n<meta property=\"og:image\" content=\"https:\/\/www.distri-croquettes-gard.fr\/site\/wp-content\/uploads\/2021\/03\/15018-main.jpg\" \/>\n\t<meta property=\"og:image:width\" content=\"2000\" \/>\n\t<meta property=\"og:image:height\" content=\"2000\" \/>\n\t<meta property=\"og:image:type\" content=\"image\/jpeg\" \/>\n<meta name=\"twitter:card\" content=\"summary_large_image\" \/>\n<meta name=\"twitter:label1\" content=\"Dur\u00e9e de lecture estim\u00e9e\" \/>\n\t<meta name=\"twitter:data1\" content=\"1 minute\" \/>\n<script type=\"application\/ld+json\" class=\"yoast-schema-graph\">{\"@context\":\"https:\\\/\\\/schema.org\",\"@graph\":[{\"@type\":\"WebPage\",\"@id\":\"https:\\\/\\\/www.distri-croquettes-gard.fr\\\/site\\\/produit\\\/shampooing-premium-anti-demangeaisons-pour-chien-250-ml-aux-extraits-naturels-de-calendula-de-menthe\\\/\",\"url\":\"https:\\\/\\\/www.distri-croquettes-gard.fr\\\/site\\\/produit\\\/shampooing-premium-anti-demangeaisons-pour-chien-250-ml-aux-extraits-naturels-de-calendula-de-menthe\\\/\",\"name\":\"Shampooing Premium anti-d\u00e9mangeaisons Pour chien - 250 ml Aux extraits naturels de calendula & de menthe - Distri-Croquettes-Gard\",\"isPartOf\":{\"@id\":\"https:\\\/\\\/www.distri-croquettes-gard.fr\\\/site\\\/#website\"},\"primaryImageOfPage\":{\"@id\":\"https:\\\/\\\/www.distri-croquettes-gard.fr\\\/site\\\/produit\\\/shampooing-premium-anti-demangeaisons-pour-chien-250-ml-aux-extraits-naturels-de-calendula-de-menthe\\\/#primaryimage\"},\"image\":{\"@id\":\"https:\\\/\\\/www.distri-croquettes-gard.fr\\\/site\\\/produit\\\/shampooing-premium-anti-demangeaisons-pour-chien-250-ml-aux-extraits-naturels-de-calendula-de-menthe\\\/#primaryimage\"},\"thumbnailUrl\":\"https:\\\/\\\/www.distri-croquettes-gard.fr\\\/site\\\/wp-content\\\/uploads\\\/2021\\\/03\\\/15018-main.jpg\",\"datePublished\":\"2021-03-30T14:47:41+00:00\",\"dateModified\":\"2022-05-23T14:46:42+00:00\",\"breadcrumb\":{\"@id\":\"https:\\\/\\\/www.distri-croquettes-gard.fr\\\/site\\\/produit\\\/shampooing-premium-anti-demangeaisons-pour-chien-250-ml-aux-extraits-naturels-de-calendula-de-menthe\\\/#breadcrumb\"},\"inLanguage\":\"fr-FR\",\"potentialAction\":[{\"@type\":\"ReadAction\",\"target\":[\"https:\\\/\\\/www.distri-croquettes-gard.fr\\\/site\\\/produit\\\/shampooing-premium-anti-demangeaisons-pour-chien-250-ml-aux-extraits-naturels-de-calendula-de-menthe\\\/\"]}]},{\"@type\":\"ImageObject\",\"inLanguage\":\"fr-FR\",\"@id\":\"https:\\\/\\\/www.distri-croquettes-gard.fr\\\/site\\\/produit\\\/shampooing-premium-anti-demangeaisons-pour-chien-250-ml-aux-extraits-naturels-de-calendula-de-menthe\\\/#primaryimage\",\"url\":\"https:\\\/\\\/www.distri-croquettes-gard.fr\\\/site\\\/wp-content\\\/uploads\\\/2021\\\/03\\\/15018-main.jpg\",\"contentUrl\":\"https:\\\/\\\/www.distri-croquettes-gard.fr\\\/site\\\/wp-content\\\/uploads\\\/2021\\\/03\\\/15018-main.jpg\",\"width\":2000,\"height\":2000},{\"@type\":\"BreadcrumbList\",\"@id\":\"https:\\\/\\\/www.distri-croquettes-gard.fr\\\/site\\\/produit\\\/shampooing-premium-anti-demangeaisons-pour-chien-250-ml-aux-extraits-naturels-de-calendula-de-menthe\\\/#breadcrumb\",\"itemListElement\":[{\"@type\":\"ListItem\",\"position\":1,\"name\":\"Accueil\",\"item\":\"https:\\\/\\\/www.distri-croquettes-gard.fr\\\/site\\\/\"},{\"@type\":\"ListItem\",\"position\":2,\"name\":\"D\u00e9couvrez certains de nos produits disponibles en magasin\",\"item\":\"https:\\\/\\\/www.distri-croquettes-gard.fr\\\/site\\\/boutique\\\/\"},{\"@type\":\"ListItem\",\"position\":3,\"name\":\"Shampooing Premium anti-d\u00e9mangeaisons Pour chien &#8211; 250 ml Aux extraits naturels de calendula &#038; de menthe\"}]},{\"@type\":\"WebSite\",\"@id\":\"https:\\\/\\\/www.distri-croquettes-gard.fr\\\/site\\\/#website\",\"url\":\"https:\\\/\\\/www.distri-croquettes-gard.fr\\\/site\\\/\",\"name\":\"Distri-Croquettes-Gard\",\"description\":\"Alimentions pour Chien et Chat\",\"publisher\":{\"@id\":\"https:\\\/\\\/www.distri-croquettes-gard.fr\\\/site\\\/#organization\"},\"potentialAction\":[{\"@type\":\"SearchAction\",\"target\":{\"@type\":\"EntryPoint\",\"urlTemplate\":\"https:\\\/\\\/www.distri-croquettes-gard.fr\\\/site\\\/?s={search_term_string}\"},\"query-input\":{\"@type\":\"PropertyValueSpecification\",\"valueRequired\":true,\"valueName\":\"search_term_string\"}}],\"inLanguage\":\"fr-FR\"},{\"@type\":\"Organization\",\"@id\":\"https:\\\/\\\/www.distri-croquettes-gard.fr\\\/site\\\/#organization\",\"name\":\"Distri-Croquettes-Gard\",\"url\":\"https:\\\/\\\/www.distri-croquettes-gard.fr\\\/site\\\/\",\"logo\":{\"@type\":\"ImageObject\",\"inLanguage\":\"fr-FR\",\"@id\":\"https:\\\/\\\/www.distri-croquettes-gard.fr\\\/site\\\/#\\\/schema\\\/logo\\\/image\\\/\",\"url\":\"https:\\\/\\\/www.distri-croquettes-gard.fr\\\/site\\\/wp-content\\\/uploads\\\/2025\\\/02\\\/logo-distri-croquettes-gard.png\",\"contentUrl\":\"https:\\\/\\\/www.distri-croquettes-gard.fr\\\/site\\\/wp-content\\\/uploads\\\/2025\\\/02\\\/logo-distri-croquettes-gard.png\",\"width\":400,\"height\":78,\"caption\":\"Distri-Croquettes-Gard\"},\"image\":{\"@id\":\"https:\\\/\\\/www.distri-croquettes-gard.fr\\\/site\\\/#\\\/schema\\\/logo\\\/image\\\/\"}}]}<\/script>\n<!-- \/ Yoast SEO plugin. -->","yoast_head_json":{"title":"Shampooing Premium anti-d\u00e9mangeaisons Pour chien - 250 ml Aux extraits naturels de calendula & de menthe - Distri-Croquettes-Gard","robots":{"index":"index","follow":"follow","max-snippet":"max-snippet:-1","max-image-preview":"max-image-preview:large","max-video-preview":"max-video-preview:-1"},"canonical":"https:\/\/www.distri-croquettes-gard.fr\/site\/produit\/shampooing-premium-anti-demangeaisons-pour-chien-250-ml-aux-extraits-naturels-de-calendula-de-menthe\/","og_locale":"fr_FR","og_type":"article","og_title":"Shampooing Premium anti-d\u00e9mangeaisons Pour chien - 250 ml Aux extraits naturels de calendula & de menthe - Distri-Croquettes-Gard","og_description":"Dur\u00e9e de conservation : 12 mois apr\u00e8s ouverture Volume net : 250 ml Id\u00e9al pour les pelages de chiens irrit\u00e9s Aux extrait naturels de calendula &amp; de menthe Aux polyph\u00e9nols de raisin pH neutre Sans parabens","og_url":"https:\/\/www.distri-croquettes-gard.fr\/site\/produit\/shampooing-premium-anti-demangeaisons-pour-chien-250-ml-aux-extraits-naturels-de-calendula-de-menthe\/","og_site_name":"Distri-Croquettes-Gard","article_modified_time":"2022-05-23T14:46:42+00:00","og_image":[{"width":2000,"height":2000,"url":"https:\/\/www.distri-croquettes-gard.fr\/site\/wp-content\/uploads\/2021\/03\/15018-main.jpg","type":"image\/jpeg"}],"twitter_card":"summary_large_image","twitter_misc":{"Dur\u00e9e de lecture estim\u00e9e":"1 minute"},"schema":{"@context":"https:\/\/schema.org","@graph":[{"@type":"WebPage","@id":"https:\/\/www.distri-croquettes-gard.fr\/site\/produit\/shampooing-premium-anti-demangeaisons-pour-chien-250-ml-aux-extraits-naturels-de-calendula-de-menthe\/","url":"https:\/\/www.distri-croquettes-gard.fr\/site\/produit\/shampooing-premium-anti-demangeaisons-pour-chien-250-ml-aux-extraits-naturels-de-calendula-de-menthe\/","name":"Shampooing Premium anti-d\u00e9mangeaisons Pour chien - 250 ml Aux extraits naturels de calendula & de menthe - Distri-Croquettes-Gard","isPartOf":{"@id":"https:\/\/www.distri-croquettes-gard.fr\/site\/#website"},"primaryImageOfPage":{"@id":"https:\/\/www.distri-croquettes-gard.fr\/site\/produit\/shampooing-premium-anti-demangeaisons-pour-chien-250-ml-aux-extraits-naturels-de-calendula-de-menthe\/#primaryimage"},"image":{"@id":"https:\/\/www.distri-croquettes-gard.fr\/site\/produit\/shampooing-premium-anti-demangeaisons-pour-chien-250-ml-aux-extraits-naturels-de-calendula-de-menthe\/#primaryimage"},"thumbnailUrl":"https:\/\/www.distri-croquettes-gard.fr\/site\/wp-content\/uploads\/2021\/03\/15018-main.jpg","datePublished":"2021-03-30T14:47:41+00:00","dateModified":"2022-05-23T14:46:42+00:00","breadcrumb":{"@id":"https:\/\/www.distri-croquettes-gard.fr\/site\/produit\/shampooing-premium-anti-demangeaisons-pour-chien-250-ml-aux-extraits-naturels-de-calendula-de-menthe\/#breadcrumb"},"inLanguage":"fr-FR","potentialAction":[{"@type":"ReadAction","target":["https:\/\/www.distri-croquettes-gard.fr\/site\/produit\/shampooing-premium-anti-demangeaisons-pour-chien-250-ml-aux-extraits-naturels-de-calendula-de-menthe\/"]}]},{"@type":"ImageObject","inLanguage":"fr-FR","@id":"https:\/\/www.distri-croquettes-gard.fr\/site\/produit\/shampooing-premium-anti-demangeaisons-pour-chien-250-ml-aux-extraits-naturels-de-calendula-de-menthe\/#primaryimage","url":"https:\/\/www.distri-croquettes-gard.fr\/site\/wp-content\/uploads\/2021\/03\/15018-main.jpg","contentUrl":"https:\/\/www.distri-croquettes-gard.fr\/site\/wp-content\/uploads\/2021\/03\/15018-main.jpg","width":2000,"height":2000},{"@type":"BreadcrumbList","@id":"https:\/\/www.distri-croquettes-gard.fr\/site\/produit\/shampooing-premium-anti-demangeaisons-pour-chien-250-ml-aux-extraits-naturels-de-calendula-de-menthe\/#breadcrumb","itemListElement":[{"@type":"ListItem","position":1,"name":"Accueil","item":"https:\/\/www.distri-croquettes-gard.fr\/site\/"},{"@type":"ListItem","position":2,"name":"D\u00e9couvrez certains de nos produits disponibles en magasin","item":"https:\/\/www.distri-croquettes-gard.fr\/site\/boutique\/"},{"@type":"ListItem","position":3,"name":"Shampooing Premium anti-d\u00e9mangeaisons Pour chien &#8211; 250 ml Aux extraits naturels de calendula &#038; de menthe"}]},{"@type":"WebSite","@id":"https:\/\/www.distri-croquettes-gard.fr\/site\/#website","url":"https:\/\/www.distri-croquettes-gard.fr\/site\/","name":"Distri-Croquettes-Gard","description":"Alimentions pour Chien et Chat","publisher":{"@id":"https:\/\/www.distri-croquettes-gard.fr\/site\/#organization"},"potentialAction":[{"@type":"SearchAction","target":{"@type":"EntryPoint","urlTemplate":"https:\/\/www.distri-croquettes-gard.fr\/site\/?s={search_term_string}"},"query-input":{"@type":"PropertyValueSpecification","valueRequired":true,"valueName":"search_term_string"}}],"inLanguage":"fr-FR"},{"@type":"Organization","@id":"https:\/\/www.distri-croquettes-gard.fr\/site\/#organization","name":"Distri-Croquettes-Gard","url":"https:\/\/www.distri-croquettes-gard.fr\/site\/","logo":{"@type":"ImageObject","inLanguage":"fr-FR","@id":"https:\/\/www.distri-croquettes-gard.fr\/site\/#\/schema\/logo\/image\/","url":"https:\/\/www.distri-croquettes-gard.fr\/site\/wp-content\/uploads\/2025\/02\/logo-distri-croquettes-gard.png","contentUrl":"https:\/\/www.distri-croquettes-gard.fr\/site\/wp-content\/uploads\/2025\/02\/logo-distri-croquettes-gard.png","width":400,"height":78,"caption":"Distri-Croquettes-Gard"},"image":{"@id":"https:\/\/www.distri-croquettes-gard.fr\/site\/#\/schema\/logo\/image\/"}}]}},"jetpack_sharing_enabled":true,"_links":{"self":[{"href":"https:\/\/www.distri-croquettes-gard.fr\/site\/wp-json\/wp\/v2\/product\/765","targetHints":{"allow":["GET"]}}],"collection":[{"href":"https:\/\/www.distri-croquettes-gard.fr\/site\/wp-json\/wp\/v2\/product"}],"about":[{"href":"https:\/\/www.distri-croquettes-gard.fr\/site\/wp-json\/wp\/v2\/types\/product"}],"version-history":[{"count":1,"href":"https:\/\/www.distri-croquettes-gard.fr\/site\/wp-json\/wp\/v2\/product\/765\/revisions"}],"predecessor-version":[{"id":1046,"href":"https:\/\/www.distri-croquettes-gard.fr\/site\/wp-json\/wp\/v2\/product\/765\/revisions\/1046"}],"wp:featuredmedia":[{"embeddable":true,"href":"https:\/\/www.distri-croquettes-gard.fr\/site\/wp-json\/wp\/v2\/media\/766"}],"wp:attachment":[{"href":"https:\/\/www.distri-croquettes-gard.fr\/site\/wp-json\/wp\/v2\/media?parent=765"}],"wp:term":[{"taxonomy":"product_brand","embeddable":true,"href":"https:\/\/www.distri-croquettes-gard.fr\/site\/wp-json\/wp\/v2\/product_brand?post=765"},{"taxonomy":"product_cat","embeddable":true,"href":"https:\/\/www.distri-croquettes-gard.fr\/site\/wp-json\/wp\/v2\/product_cat?post=765"},{"taxonomy":"product_tag","embeddable":true,"href":"https:\/\/www.distri-croquettes-gard.fr\/site\/wp-json\/wp\/v2\/product_tag?post=765"}],"curies":[{"name":"wp","href":"https:\/\/api.w.org\/{rel}","templated":true}]}}