{"id":760,"date":"2021-03-30T16:16:49","date_gmt":"2021-03-30T14:16:49","guid":{"rendered":"https:\/\/www.distri-croquettes-gard.fr\/site\/?post_type=product&#038;p=760"},"modified":"2022-05-23T16:46:57","modified_gmt":"2022-05-23T14:46:57","slug":"shampooing-premium-speciale-chiots-250-ml-aux-extraits-naturels-de-fleurs-de-coton-fleurs-doranger","status":"publish","type":"product","link":"https:\/\/www.distri-croquettes-gard.fr\/site\/produit\/shampooing-premium-speciale-chiots-250-ml-aux-extraits-naturels-de-fleurs-de-coton-fleurs-doranger\/","title":{"rendered":"Shampooing Premium  Sp\u00e9ciale chiots &#8211; 250 ml  Aux extraits naturels de fleurs de coton &#038; fleurs d\u2019oranger"},"content":{"rendered":"<p>Propri\u00e9t\u00e9s :<br \/>\n\u00c9labor\u00e9 sous le contr\u00f4le de nos v\u00e9t\u00e9rinaires, ce shampooing ultra-doux convient parfaitement au pelage fragile des chiots. Il<br \/>\ncontient de la camomille, des fleurs de coton et d\u2019oranger qui ont des propri\u00e9t\u00e9s apaisantes et adoucissantes. Ce shampooing<br \/>\nnettoie en douceur et facilite le d\u00e9m\u00ealage.<br \/>\nGr\u00e2ce \u00e0 l\u2019utilisation de ce shampooing, les poils retrouvent toute leur souplesse et un toucher soyeux. Il laisse un pelage brillant<br \/>\net d\u00e9licatement parfum\u00e9.<br \/>\nCe shampooing a un pH neutre et convient aux peaux les plus sensibles.<br \/>\nConseils d&rsquo;utilisation : Mouiller l\u2019animal \u00e0 l\u2019eau ti\u00e8de. Appliquer le shampooing sur son dos et masser longuement le pelage. Rincer<br \/>\nabondamment, puis s\u00e9cher. En cas de projection dans les yeux, rincer imm\u00e9diatement \u00e0 l\u2019eau ti\u00e8de. Ce shampooing s\u2019utilise aussi souvent que<br \/>\nn\u00e9cessaire pour nettoyer en douceur.<br \/>\nIngr\u00e9dients : AQUA, SODIUM LAURETH SULFATE, SODIUM CHLORIDE, COCAMIDOPROPYL BETAINE, BENZYL ALCOHOL, CITRUS AURANTIUM<br \/>\nAMARA FLOWER WATER, LAURYL GLUCOSIDE, STEARYL CITRATE, PARFUM, CITRIC ACID, SODIUM HYDROXIDE, GLYCERIN, CHAMOMILLA<br \/>\nRECUTITA FLOWER EXTRACT, HYDROLYZED KERATIN, LINALOOL, BENZOIC ACID, MALTODEXTRIN, CALCIUM PANTOTHENATE, PYRIDOXINE, VITIS<br \/>\nVINIFERA FRUIT EXTRACT, GOSSYPIUM HERBACEUM SEED EXTRACT, METHYLCHLOROISOTHIAZOLINONE, METHYLISOTHIAZOLINONE.<br \/>\nConseils de prudence : Tenir hors de port\u00e9e des enfants. Contient Linalool. Peut produire une r\u00e9action allergique.<\/p>\n","protected":false},"excerpt":{"rendered":"<p>Dur\u00e9e de conservation : 12 mois apr\u00e8s ouverture<br \/>\nVolume net : 250 ml<br \/>\nId\u00e9al pour les chiots<br \/>\nAux extraits naturels de fleurs de coton &amp; fleurs d\u2019oranger<br \/>\nAux polyph\u00e9nols de raisin<br \/>\nPH neutre<br \/>\nSans Parabens<\/p>\n","protected":false},"featured_media":762,"template":"","meta":[],"product_brand":[],"product_cat":[164],"product_tag":[],"class_list":{"0":"post-760","1":"product","2":"type-product","3":"status-publish","6":"product_cat-shampooing","8":"first","9":"instock","10":"shipping-taxable","11":"product-type-simple"},"yoast_head":"<!-- This site is optimized with the Yoast SEO plugin v27.3 - https:\/\/yoast.com\/product\/yoast-seo-wordpress\/ -->\n<title>Shampooing Premium Sp\u00e9ciale chiots - 250 ml Aux extraits naturels de fleurs de coton &amp; fleurs d\u2019oranger - Distri-Croquettes-Gard<\/title>\n<meta name=\"robots\" content=\"index, follow, max-snippet:-1, max-image-preview:large, max-video-preview:-1\" \/>\n<link rel=\"canonical\" href=\"https:\/\/www.distri-croquettes-gard.fr\/site\/produit\/shampooing-premium-speciale-chiots-250-ml-aux-extraits-naturels-de-fleurs-de-coton-fleurs-doranger\/\" \/>\n<meta property=\"og:locale\" content=\"fr_FR\" \/>\n<meta property=\"og:type\" content=\"article\" \/>\n<meta property=\"og:title\" content=\"Shampooing Premium Sp\u00e9ciale chiots - 250 ml Aux extraits naturels de fleurs de coton &amp; fleurs d\u2019oranger - Distri-Croquettes-Gard\" \/>\n<meta property=\"og:description\" content=\"Dur\u00e9e de conservation : 12 mois apr\u00e8s ouverture Volume net : 250 ml Id\u00e9al pour les chiots Aux extraits naturels de fleurs de coton &amp; fleurs d\u2019oranger Aux polyph\u00e9nols de raisin PH neutre Sans Parabens\" \/>\n<meta property=\"og:url\" content=\"https:\/\/www.distri-croquettes-gard.fr\/site\/produit\/shampooing-premium-speciale-chiots-250-ml-aux-extraits-naturels-de-fleurs-de-coton-fleurs-doranger\/\" \/>\n<meta property=\"og:site_name\" content=\"Distri-Croquettes-Gard\" \/>\n<meta property=\"article:modified_time\" content=\"2022-05-23T14:46:57+00:00\" \/>\n<meta property=\"og:image\" content=\"https:\/\/www.distri-croquettes-gard.fr\/site\/wp-content\/uploads\/2021\/03\/15022-main.jpg\" \/>\n\t<meta property=\"og:image:width\" content=\"2000\" \/>\n\t<meta property=\"og:image:height\" content=\"2000\" \/>\n\t<meta property=\"og:image:type\" content=\"image\/jpeg\" \/>\n<meta name=\"twitter:card\" content=\"summary_large_image\" \/>\n<meta name=\"twitter:label1\" content=\"Dur\u00e9e de lecture estim\u00e9e\" \/>\n\t<meta name=\"twitter:data1\" content=\"1 minute\" \/>\n<script type=\"application\/ld+json\" class=\"yoast-schema-graph\">{\"@context\":\"https:\\\/\\\/schema.org\",\"@graph\":[{\"@type\":\"WebPage\",\"@id\":\"https:\\\/\\\/www.distri-croquettes-gard.fr\\\/site\\\/produit\\\/shampooing-premium-speciale-chiots-250-ml-aux-extraits-naturels-de-fleurs-de-coton-fleurs-doranger\\\/\",\"url\":\"https:\\\/\\\/www.distri-croquettes-gard.fr\\\/site\\\/produit\\\/shampooing-premium-speciale-chiots-250-ml-aux-extraits-naturels-de-fleurs-de-coton-fleurs-doranger\\\/\",\"name\":\"Shampooing Premium Sp\u00e9ciale chiots - 250 ml Aux extraits naturels de fleurs de coton & fleurs d\u2019oranger - Distri-Croquettes-Gard\",\"isPartOf\":{\"@id\":\"https:\\\/\\\/www.distri-croquettes-gard.fr\\\/site\\\/#website\"},\"primaryImageOfPage\":{\"@id\":\"https:\\\/\\\/www.distri-croquettes-gard.fr\\\/site\\\/produit\\\/shampooing-premium-speciale-chiots-250-ml-aux-extraits-naturels-de-fleurs-de-coton-fleurs-doranger\\\/#primaryimage\"},\"image\":{\"@id\":\"https:\\\/\\\/www.distri-croquettes-gard.fr\\\/site\\\/produit\\\/shampooing-premium-speciale-chiots-250-ml-aux-extraits-naturels-de-fleurs-de-coton-fleurs-doranger\\\/#primaryimage\"},\"thumbnailUrl\":\"https:\\\/\\\/www.distri-croquettes-gard.fr\\\/site\\\/wp-content\\\/uploads\\\/2021\\\/03\\\/15022-main.jpg\",\"datePublished\":\"2021-03-30T14:16:49+00:00\",\"dateModified\":\"2022-05-23T14:46:57+00:00\",\"breadcrumb\":{\"@id\":\"https:\\\/\\\/www.distri-croquettes-gard.fr\\\/site\\\/produit\\\/shampooing-premium-speciale-chiots-250-ml-aux-extraits-naturels-de-fleurs-de-coton-fleurs-doranger\\\/#breadcrumb\"},\"inLanguage\":\"fr-FR\",\"potentialAction\":[{\"@type\":\"ReadAction\",\"target\":[\"https:\\\/\\\/www.distri-croquettes-gard.fr\\\/site\\\/produit\\\/shampooing-premium-speciale-chiots-250-ml-aux-extraits-naturels-de-fleurs-de-coton-fleurs-doranger\\\/\"]}]},{\"@type\":\"ImageObject\",\"inLanguage\":\"fr-FR\",\"@id\":\"https:\\\/\\\/www.distri-croquettes-gard.fr\\\/site\\\/produit\\\/shampooing-premium-speciale-chiots-250-ml-aux-extraits-naturels-de-fleurs-de-coton-fleurs-doranger\\\/#primaryimage\",\"url\":\"https:\\\/\\\/www.distri-croquettes-gard.fr\\\/site\\\/wp-content\\\/uploads\\\/2021\\\/03\\\/15022-main.jpg\",\"contentUrl\":\"https:\\\/\\\/www.distri-croquettes-gard.fr\\\/site\\\/wp-content\\\/uploads\\\/2021\\\/03\\\/15022-main.jpg\",\"width\":2000,\"height\":2000},{\"@type\":\"BreadcrumbList\",\"@id\":\"https:\\\/\\\/www.distri-croquettes-gard.fr\\\/site\\\/produit\\\/shampooing-premium-speciale-chiots-250-ml-aux-extraits-naturels-de-fleurs-de-coton-fleurs-doranger\\\/#breadcrumb\",\"itemListElement\":[{\"@type\":\"ListItem\",\"position\":1,\"name\":\"Accueil\",\"item\":\"https:\\\/\\\/www.distri-croquettes-gard.fr\\\/site\\\/\"},{\"@type\":\"ListItem\",\"position\":2,\"name\":\"D\u00e9couvrez certains de nos produits disponibles en magasin\",\"item\":\"https:\\\/\\\/www.distri-croquettes-gard.fr\\\/site\\\/boutique\\\/\"},{\"@type\":\"ListItem\",\"position\":3,\"name\":\"Shampooing Premium Sp\u00e9ciale chiots &#8211; 250 ml Aux extraits naturels de fleurs de coton &#038; fleurs d\u2019oranger\"}]},{\"@type\":\"WebSite\",\"@id\":\"https:\\\/\\\/www.distri-croquettes-gard.fr\\\/site\\\/#website\",\"url\":\"https:\\\/\\\/www.distri-croquettes-gard.fr\\\/site\\\/\",\"name\":\"Distri-Croquettes-Gard\",\"description\":\"Alimentions pour Chien et Chat\",\"publisher\":{\"@id\":\"https:\\\/\\\/www.distri-croquettes-gard.fr\\\/site\\\/#organization\"},\"potentialAction\":[{\"@type\":\"SearchAction\",\"target\":{\"@type\":\"EntryPoint\",\"urlTemplate\":\"https:\\\/\\\/www.distri-croquettes-gard.fr\\\/site\\\/?s={search_term_string}\"},\"query-input\":{\"@type\":\"PropertyValueSpecification\",\"valueRequired\":true,\"valueName\":\"search_term_string\"}}],\"inLanguage\":\"fr-FR\"},{\"@type\":\"Organization\",\"@id\":\"https:\\\/\\\/www.distri-croquettes-gard.fr\\\/site\\\/#organization\",\"name\":\"Distri-Croquettes-Gard\",\"url\":\"https:\\\/\\\/www.distri-croquettes-gard.fr\\\/site\\\/\",\"logo\":{\"@type\":\"ImageObject\",\"inLanguage\":\"fr-FR\",\"@id\":\"https:\\\/\\\/www.distri-croquettes-gard.fr\\\/site\\\/#\\\/schema\\\/logo\\\/image\\\/\",\"url\":\"https:\\\/\\\/www.distri-croquettes-gard.fr\\\/site\\\/wp-content\\\/uploads\\\/2025\\\/02\\\/logo-distri-croquettes-gard.png\",\"contentUrl\":\"https:\\\/\\\/www.distri-croquettes-gard.fr\\\/site\\\/wp-content\\\/uploads\\\/2025\\\/02\\\/logo-distri-croquettes-gard.png\",\"width\":400,\"height\":78,\"caption\":\"Distri-Croquettes-Gard\"},\"image\":{\"@id\":\"https:\\\/\\\/www.distri-croquettes-gard.fr\\\/site\\\/#\\\/schema\\\/logo\\\/image\\\/\"}}]}<\/script>\n<!-- \/ Yoast SEO plugin. -->","yoast_head_json":{"title":"Shampooing Premium Sp\u00e9ciale chiots - 250 ml Aux extraits naturels de fleurs de coton & fleurs d\u2019oranger - Distri-Croquettes-Gard","robots":{"index":"index","follow":"follow","max-snippet":"max-snippet:-1","max-image-preview":"max-image-preview:large","max-video-preview":"max-video-preview:-1"},"canonical":"https:\/\/www.distri-croquettes-gard.fr\/site\/produit\/shampooing-premium-speciale-chiots-250-ml-aux-extraits-naturels-de-fleurs-de-coton-fleurs-doranger\/","og_locale":"fr_FR","og_type":"article","og_title":"Shampooing Premium Sp\u00e9ciale chiots - 250 ml Aux extraits naturels de fleurs de coton & fleurs d\u2019oranger - Distri-Croquettes-Gard","og_description":"Dur\u00e9e de conservation : 12 mois apr\u00e8s ouverture Volume net : 250 ml Id\u00e9al pour les chiots Aux extraits naturels de fleurs de coton &amp; fleurs d\u2019oranger Aux polyph\u00e9nols de raisin PH neutre Sans Parabens","og_url":"https:\/\/www.distri-croquettes-gard.fr\/site\/produit\/shampooing-premium-speciale-chiots-250-ml-aux-extraits-naturels-de-fleurs-de-coton-fleurs-doranger\/","og_site_name":"Distri-Croquettes-Gard","article_modified_time":"2022-05-23T14:46:57+00:00","og_image":[{"width":2000,"height":2000,"url":"https:\/\/www.distri-croquettes-gard.fr\/site\/wp-content\/uploads\/2021\/03\/15022-main.jpg","type":"image\/jpeg"}],"twitter_card":"summary_large_image","twitter_misc":{"Dur\u00e9e de lecture estim\u00e9e":"1 minute"},"schema":{"@context":"https:\/\/schema.org","@graph":[{"@type":"WebPage","@id":"https:\/\/www.distri-croquettes-gard.fr\/site\/produit\/shampooing-premium-speciale-chiots-250-ml-aux-extraits-naturels-de-fleurs-de-coton-fleurs-doranger\/","url":"https:\/\/www.distri-croquettes-gard.fr\/site\/produit\/shampooing-premium-speciale-chiots-250-ml-aux-extraits-naturels-de-fleurs-de-coton-fleurs-doranger\/","name":"Shampooing Premium Sp\u00e9ciale chiots - 250 ml Aux extraits naturels de fleurs de coton & fleurs d\u2019oranger - Distri-Croquettes-Gard","isPartOf":{"@id":"https:\/\/www.distri-croquettes-gard.fr\/site\/#website"},"primaryImageOfPage":{"@id":"https:\/\/www.distri-croquettes-gard.fr\/site\/produit\/shampooing-premium-speciale-chiots-250-ml-aux-extraits-naturels-de-fleurs-de-coton-fleurs-doranger\/#primaryimage"},"image":{"@id":"https:\/\/www.distri-croquettes-gard.fr\/site\/produit\/shampooing-premium-speciale-chiots-250-ml-aux-extraits-naturels-de-fleurs-de-coton-fleurs-doranger\/#primaryimage"},"thumbnailUrl":"https:\/\/www.distri-croquettes-gard.fr\/site\/wp-content\/uploads\/2021\/03\/15022-main.jpg","datePublished":"2021-03-30T14:16:49+00:00","dateModified":"2022-05-23T14:46:57+00:00","breadcrumb":{"@id":"https:\/\/www.distri-croquettes-gard.fr\/site\/produit\/shampooing-premium-speciale-chiots-250-ml-aux-extraits-naturels-de-fleurs-de-coton-fleurs-doranger\/#breadcrumb"},"inLanguage":"fr-FR","potentialAction":[{"@type":"ReadAction","target":["https:\/\/www.distri-croquettes-gard.fr\/site\/produit\/shampooing-premium-speciale-chiots-250-ml-aux-extraits-naturels-de-fleurs-de-coton-fleurs-doranger\/"]}]},{"@type":"ImageObject","inLanguage":"fr-FR","@id":"https:\/\/www.distri-croquettes-gard.fr\/site\/produit\/shampooing-premium-speciale-chiots-250-ml-aux-extraits-naturels-de-fleurs-de-coton-fleurs-doranger\/#primaryimage","url":"https:\/\/www.distri-croquettes-gard.fr\/site\/wp-content\/uploads\/2021\/03\/15022-main.jpg","contentUrl":"https:\/\/www.distri-croquettes-gard.fr\/site\/wp-content\/uploads\/2021\/03\/15022-main.jpg","width":2000,"height":2000},{"@type":"BreadcrumbList","@id":"https:\/\/www.distri-croquettes-gard.fr\/site\/produit\/shampooing-premium-speciale-chiots-250-ml-aux-extraits-naturels-de-fleurs-de-coton-fleurs-doranger\/#breadcrumb","itemListElement":[{"@type":"ListItem","position":1,"name":"Accueil","item":"https:\/\/www.distri-croquettes-gard.fr\/site\/"},{"@type":"ListItem","position":2,"name":"D\u00e9couvrez certains de nos produits disponibles en magasin","item":"https:\/\/www.distri-croquettes-gard.fr\/site\/boutique\/"},{"@type":"ListItem","position":3,"name":"Shampooing Premium Sp\u00e9ciale chiots &#8211; 250 ml Aux extraits naturels de fleurs de coton &#038; fleurs d\u2019oranger"}]},{"@type":"WebSite","@id":"https:\/\/www.distri-croquettes-gard.fr\/site\/#website","url":"https:\/\/www.distri-croquettes-gard.fr\/site\/","name":"Distri-Croquettes-Gard","description":"Alimentions pour Chien et Chat","publisher":{"@id":"https:\/\/www.distri-croquettes-gard.fr\/site\/#organization"},"potentialAction":[{"@type":"SearchAction","target":{"@type":"EntryPoint","urlTemplate":"https:\/\/www.distri-croquettes-gard.fr\/site\/?s={search_term_string}"},"query-input":{"@type":"PropertyValueSpecification","valueRequired":true,"valueName":"search_term_string"}}],"inLanguage":"fr-FR"},{"@type":"Organization","@id":"https:\/\/www.distri-croquettes-gard.fr\/site\/#organization","name":"Distri-Croquettes-Gard","url":"https:\/\/www.distri-croquettes-gard.fr\/site\/","logo":{"@type":"ImageObject","inLanguage":"fr-FR","@id":"https:\/\/www.distri-croquettes-gard.fr\/site\/#\/schema\/logo\/image\/","url":"https:\/\/www.distri-croquettes-gard.fr\/site\/wp-content\/uploads\/2025\/02\/logo-distri-croquettes-gard.png","contentUrl":"https:\/\/www.distri-croquettes-gard.fr\/site\/wp-content\/uploads\/2025\/02\/logo-distri-croquettes-gard.png","width":400,"height":78,"caption":"Distri-Croquettes-Gard"},"image":{"@id":"https:\/\/www.distri-croquettes-gard.fr\/site\/#\/schema\/logo\/image\/"}}]}},"jetpack_sharing_enabled":true,"_links":{"self":[{"href":"https:\/\/www.distri-croquettes-gard.fr\/site\/wp-json\/wp\/v2\/product\/760","targetHints":{"allow":["GET"]}}],"collection":[{"href":"https:\/\/www.distri-croquettes-gard.fr\/site\/wp-json\/wp\/v2\/product"}],"about":[{"href":"https:\/\/www.distri-croquettes-gard.fr\/site\/wp-json\/wp\/v2\/types\/product"}],"version-history":[{"count":2,"href":"https:\/\/www.distri-croquettes-gard.fr\/site\/wp-json\/wp\/v2\/product\/760\/revisions"}],"predecessor-version":[{"id":1047,"href":"https:\/\/www.distri-croquettes-gard.fr\/site\/wp-json\/wp\/v2\/product\/760\/revisions\/1047"}],"wp:featuredmedia":[{"embeddable":true,"href":"https:\/\/www.distri-croquettes-gard.fr\/site\/wp-json\/wp\/v2\/media\/762"}],"wp:attachment":[{"href":"https:\/\/www.distri-croquettes-gard.fr\/site\/wp-json\/wp\/v2\/media?parent=760"}],"wp:term":[{"taxonomy":"product_brand","embeddable":true,"href":"https:\/\/www.distri-croquettes-gard.fr\/site\/wp-json\/wp\/v2\/product_brand?post=760"},{"taxonomy":"product_cat","embeddable":true,"href":"https:\/\/www.distri-croquettes-gard.fr\/site\/wp-json\/wp\/v2\/product_cat?post=760"},{"taxonomy":"product_tag","embeddable":true,"href":"https:\/\/www.distri-croquettes-gard.fr\/site\/wp-json\/wp\/v2\/product_tag?post=760"}],"curies":[{"name":"wp","href":"https:\/\/api.w.org\/{rel}","templated":true}]}}