{"id":1255,"date":"2025-02-21T14:37:55","date_gmt":"2025-02-21T13:37:55","guid":{"rendered":"https:\/\/www.distri-croquettes-gard.fr\/site\/?post_type=product&#038;p=1255"},"modified":"2025-02-21T16:09:50","modified_gmt":"2025-02-21T15:09:50","slug":"lobo-azul-diario","status":"publish","type":"product","link":"https:\/\/www.distri-croquettes-gard.fr\/site\/produit\/lobo-azul-diario\/","title":{"rendered":"LOBO AZUL DIARIO"},"content":{"rendered":"<p><strong>Aliment complet \u00e9quilibr\u00e9 pour chiens<\/strong><\/p>\n<p>Avec de l&rsquo;agneau, du canard, du thon, et de l&rsquo;huile de saumon. Lobo Azul journalier est un aliment \u00e9quilibr\u00e9 pour chiens adultes, de diff\u00e9rentes tailles, id\u00e9al pour des chiens avec une activit\u00e9 mod\u00e9r\u00e9e. La qualit\u00e9 et combinaison ad\u00e9quate des mati\u00e8res premi\u00e8res le rend tr\u00e8s digestible en pr\u00e9servant la bonne sant\u00e9 du chien. Il contient des niveaux appropri\u00e9s d&rsquo;acides gras om\u00e9ga 3 et 6.<br \/>\nProbiotiques, pr\u00e9biotiques et ingr\u00e9dients r\u00e9duits en allerg\u00e8nes. Haute teneur en chondroprotecteurs et soutien articulaire comme l&rsquo;extrait de moule verte. Aliment qui couvre tous les besoins nutritionnels du chien.<\/p>\n<p><strong>Composition<\/strong><\/p>\n<p>Viandes d\u00e9shydrat\u00e9es vari\u00e9es et poissons bleus minimum 33% (dont agneau (min. 22%), canard (min. 6%), thon (min.5% farines LT),\u00a0 Riz complet (min. 18%), graisse de volaille, plantes\u00a0 l\u00e9gumineuses (pois et carottes), huile de saumon (riche en om\u00e9ga 3), levure de bi\u00e8re, extrait de yucca schidigera, Chlorhydrate de glucosamine, sulfate chondro\u00eftine,\u00a0 extrait de moule\u00a0 verte (Perna canaliculus), probiotiques, pr\u00e9biotiques (MOS, FOS), antioxydants naturels (tocoph\u00e9rioles, s\u00e9l\u00e9nium, extrait de romarin), extrait de schidigera yucca, vitamines et min\u00e9raux.<\/p>\n<p><strong>Composants analytiques: <\/strong><\/p>\n<p>Prot\u00e9ine Bruce: 33%, huiles brutes et graisses: 23%, humidit\u00e9: 10%, cendres brutes: 5,5%, fibre brute: 2%, calcium: 1,2%, phosphore: 1,1%, sodium: sodium: sodium: sodium: Sodium: Sodium: Sodium: Sodium: Sodium: 0,3%, potassium: 0,5%, lysine: 1,5%, acide linol\u00e9ique: 3%, om\u00e9ga 6 et om\u00e9ga 3, DHA (acide docosahexaeneo\u00efque): 0,4%, EPA (acide eicosop\u00e9\u00e8ne):: 0,3%, chondro\u00eftine sulfate: 960 mg \/ kg, chlorhydrate de glucosamine: 1 320 mg \/ kg, biotine: 0,2 mg \/ kg, acide folique: 0,5 mg \/ kg.<\/p>\n<p><strong>Addictif nutrioanal(par kg): <\/strong><\/p>\n<p>Vitamine A (3A672A) 24000 UI, vitamine D3 (3A671) 1800 UI, vitamine E (3A700) 270 mg, taurine (3A370) 450 mg, fer (3B101) 155 mg (360 mg de carbonate de fer (II) ), Iode (3b201) 1,6 mg (3 mg d&rsquo;iodure de potassium), cuivre (3b405) 9 mg (38 mg de sulfate de cuivre (ii) pentahydrate), mangan\u00e8se (3b502) 8 mg (19 mg oxyde mangan\u00e9), zinc (3b603) 130 Mg (167 mg d&rsquo;oxyde de zinc), mastication du zinc (3B606) 20,2 mg (202 mg de zinc quelato de amin\u00e9 acides), s\u00e9l\u00e9nium (3B801) 0,18 mg (0,4 mg de s\u00e9l\u00e9nito de sodium), additifs technologiques: antioxydants.<\/p>\n<p>&nbsp;<\/p>\n<p><strong>Recommandation d\u00b4alimentation:<\/strong><\/p>\n<table style=\"height: 811px;\" width=\"800\">\n<tbody>\n<tr>\n<td width=\"173\">\n<p style=\"text-align: center;\"><strong>Le poids de votre chien<\/strong><\/p>\n<\/td>\n<td style=\"text-align: center;\" width=\"122\">\n<p style=\"text-align: center;\"><strong>Ration quotidienne<\/strong><\/p>\n<\/td>\n<\/tr>\n<tr>\n<td width=\"173\">\n<p style=\"text-align: center;\">2 kg<\/p>\n<\/td>\n<td width=\"122\">\n<p style=\"text-align: center;\">30 &#8211; 50 g<\/p>\n<\/td>\n<\/tr>\n<tr>\n<td width=\"173\">\n<p style=\"text-align: center;\">5 kg<\/p>\n<\/td>\n<td width=\"122\">\n<p style=\"text-align: center;\">90 &#8211; 100 g<\/p>\n<\/td>\n<\/tr>\n<tr>\n<td width=\"173\">\n<p style=\"text-align: center;\">10 kg<\/p>\n<\/td>\n<td width=\"122\">\n<p style=\"text-align: center;\">130 &#8211; 160 g<\/p>\n<\/td>\n<\/tr>\n<tr>\n<td width=\"173\">\n<p style=\"text-align: center;\">15 kg<\/p>\n<\/td>\n<td width=\"122\">\n<p style=\"text-align: center;\">200 &#8211; 230 g<\/p>\n<\/td>\n<\/tr>\n<tr>\n<td width=\"173\">\n<p style=\"text-align: center;\">20 kg<\/p>\n<\/td>\n<td width=\"122\">\n<p style=\"text-align: center;\">260 &#8211; 290 g<\/p>\n<\/td>\n<\/tr>\n<tr>\n<td width=\"173\">\n<p style=\"text-align: center;\">25 kg<\/p>\n<\/td>\n<td width=\"122\">\n<p style=\"text-align: center;\">250 &#8211; 300 g<\/p>\n<\/td>\n<\/tr>\n<tr>\n<td width=\"173\">\n<p style=\"text-align: center;\">30 kg<\/p>\n<\/td>\n<td width=\"122\">\n<p style=\"text-align: center;\">320 &#8211; 350 g<\/p>\n<\/td>\n<\/tr>\n<tr>\n<td width=\"173\">\n<p style=\"text-align: center;\">35 kg<\/p>\n<\/td>\n<td width=\"122\">\n<p style=\"text-align: center;\">380 &#8211; 410 g<\/p>\n<\/td>\n<\/tr>\n<tr>\n<td width=\"173\">\n<p style=\"text-align: center;\">40 kg<\/p>\n<\/td>\n<td width=\"122\">\n<p style=\"text-align: center;\">440 &#8211; 480 g<\/p>\n<\/td>\n<\/tr>\n<tr>\n<td width=\"173\">\n<p style=\"text-align: center;\">45 kg<\/p>\n<\/td>\n<td width=\"122\">\n<p style=\"text-align: center;\">500 &#8211; 540 g<\/p>\n<\/td>\n<\/tr>\n<tr>\n<td style=\"text-align: center;\" width=\"173\">50 kg<\/td>\n<td width=\"122\">\n<p style=\"text-align: center;\">560 &#8211; 600 g<\/p>\n<\/td>\n<\/tr>\n<tr>\n<td style=\"text-align: center;\" width=\"173\">55 kg<\/td>\n<td width=\"122\">\n<p style=\"text-align: center;\">600 &#8211; 650 g<\/p>\n<\/td>\n<\/tr>\n<\/tbody>\n<\/table>\n<p>Les rations sont approximatives; elles peuvent changer selon plusieurs facteurs, tels que:<br \/>\n\u00e2ge, race, temp\u00e9rament, niveaux d\u2019activit\u00e9, climat\u2026elles doivent \u00eatre adapt\u00e9es pour tenir le poids optimale de votre chien. \u00c1 titre indicatif, la ration journali\u00e8re sera entre le 1% et le 1,5% du poids du chien. Distribuer \u00e0 sec en laissant de l\u2019eau fra\u00eeche \u00e0 disposition de votre chien. Conserver dans un endroit frais et sec, avec le sac bien ferm\u00e9.<\/p>\n","protected":false},"excerpt":{"rendered":"<p>Aliment complet \u00e9quilibr\u00e9 pour chiens Avec de l&rsquo;agneau, du canard, du thon, et de l&rsquo;huile de saumon. Lobo Azul journalier est un aliment \u00e9quilibr\u00e9 pour chiens adultes, de diff\u00e9rentes tailles,<\/p>\n","protected":false},"featured_media":1140,"template":"","meta":[],"product_brand":[],"product_cat":[168],"product_tag":[],"class_list":{"0":"post-1255","1":"product","2":"type-product","3":"status-publish","6":"product_cat-lobo-azul-nourritures-pour-chiens","8":"first","9":"instock","10":"shipping-taxable","11":"product-type-simple"},"yoast_head":"<!-- This site is optimized with the Yoast SEO plugin v27.3 - https:\/\/yoast.com\/product\/yoast-seo-wordpress\/ -->\n<title>LOBO AZUL DIARIO - Distri-Croquettes-Gard<\/title>\n<meta name=\"robots\" content=\"index, follow, max-snippet:-1, max-image-preview:large, max-video-preview:-1\" \/>\n<link rel=\"canonical\" href=\"https:\/\/www.distri-croquettes-gard.fr\/site\/produit\/lobo-azul-diario\/\" \/>\n<meta property=\"og:locale\" content=\"fr_FR\" \/>\n<meta property=\"og:type\" content=\"article\" \/>\n<meta property=\"og:title\" content=\"LOBO AZUL DIARIO - Distri-Croquettes-Gard\" \/>\n<meta property=\"og:description\" content=\"Aliment complet \u00e9quilibr\u00e9 pour chiens Avec de l&rsquo;agneau, du canard, du thon, et de l&rsquo;huile de saumon. Lobo Azul journalier est un aliment \u00e9quilibr\u00e9 pour chiens adultes, de diff\u00e9rentes tailles,\" \/>\n<meta property=\"og:url\" content=\"https:\/\/www.distri-croquettes-gard.fr\/site\/produit\/lobo-azul-diario\/\" \/>\n<meta property=\"og:site_name\" content=\"Distri-Croquettes-Gard\" \/>\n<meta property=\"article:modified_time\" content=\"2025-02-21T15:09:50+00:00\" \/>\n<meta property=\"og:image\" content=\"https:\/\/www.distri-croquettes-gard.fr\/site\/wp-content\/uploads\/2025\/02\/Lobo-Azul.png\" \/>\n\t<meta property=\"og:image:width\" content=\"400\" \/>\n\t<meta property=\"og:image:height\" content=\"400\" \/>\n\t<meta property=\"og:image:type\" content=\"image\/png\" \/>\n<meta name=\"twitter:card\" content=\"summary_large_image\" \/>\n<meta name=\"twitter:label1\" content=\"Dur\u00e9e de lecture estim\u00e9e\" \/>\n\t<meta name=\"twitter:data1\" content=\"3 minutes\" \/>\n<script type=\"application\/ld+json\" class=\"yoast-schema-graph\">{\"@context\":\"https:\\\/\\\/schema.org\",\"@graph\":[{\"@type\":\"WebPage\",\"@id\":\"https:\\\/\\\/www.distri-croquettes-gard.fr\\\/site\\\/produit\\\/lobo-azul-diario\\\/\",\"url\":\"https:\\\/\\\/www.distri-croquettes-gard.fr\\\/site\\\/produit\\\/lobo-azul-diario\\\/\",\"name\":\"LOBO AZUL DIARIO - Distri-Croquettes-Gard\",\"isPartOf\":{\"@id\":\"https:\\\/\\\/www.distri-croquettes-gard.fr\\\/site\\\/#website\"},\"primaryImageOfPage\":{\"@id\":\"https:\\\/\\\/www.distri-croquettes-gard.fr\\\/site\\\/produit\\\/lobo-azul-diario\\\/#primaryimage\"},\"image\":{\"@id\":\"https:\\\/\\\/www.distri-croquettes-gard.fr\\\/site\\\/produit\\\/lobo-azul-diario\\\/#primaryimage\"},\"thumbnailUrl\":\"https:\\\/\\\/www.distri-croquettes-gard.fr\\\/site\\\/wp-content\\\/uploads\\\/2025\\\/02\\\/Lobo-Azul.png\",\"datePublished\":\"2025-02-21T13:37:55+00:00\",\"dateModified\":\"2025-02-21T15:09:50+00:00\",\"breadcrumb\":{\"@id\":\"https:\\\/\\\/www.distri-croquettes-gard.fr\\\/site\\\/produit\\\/lobo-azul-diario\\\/#breadcrumb\"},\"inLanguage\":\"fr-FR\",\"potentialAction\":[{\"@type\":\"ReadAction\",\"target\":[\"https:\\\/\\\/www.distri-croquettes-gard.fr\\\/site\\\/produit\\\/lobo-azul-diario\\\/\"]}]},{\"@type\":\"ImageObject\",\"inLanguage\":\"fr-FR\",\"@id\":\"https:\\\/\\\/www.distri-croquettes-gard.fr\\\/site\\\/produit\\\/lobo-azul-diario\\\/#primaryimage\",\"url\":\"https:\\\/\\\/www.distri-croquettes-gard.fr\\\/site\\\/wp-content\\\/uploads\\\/2025\\\/02\\\/Lobo-Azul.png\",\"contentUrl\":\"https:\\\/\\\/www.distri-croquettes-gard.fr\\\/site\\\/wp-content\\\/uploads\\\/2025\\\/02\\\/Lobo-Azul.png\",\"width\":400,\"height\":400,\"caption\":\"Croquettes Lobo-Azul\"},{\"@type\":\"BreadcrumbList\",\"@id\":\"https:\\\/\\\/www.distri-croquettes-gard.fr\\\/site\\\/produit\\\/lobo-azul-diario\\\/#breadcrumb\",\"itemListElement\":[{\"@type\":\"ListItem\",\"position\":1,\"name\":\"Accueil\",\"item\":\"https:\\\/\\\/www.distri-croquettes-gard.fr\\\/site\\\/\"},{\"@type\":\"ListItem\",\"position\":2,\"name\":\"D\u00e9couvrez certains de nos produits disponibles en magasin\",\"item\":\"https:\\\/\\\/www.distri-croquettes-gard.fr\\\/site\\\/boutique\\\/\"},{\"@type\":\"ListItem\",\"position\":3,\"name\":\"LOBO AZUL DIARIO\"}]},{\"@type\":\"WebSite\",\"@id\":\"https:\\\/\\\/www.distri-croquettes-gard.fr\\\/site\\\/#website\",\"url\":\"https:\\\/\\\/www.distri-croquettes-gard.fr\\\/site\\\/\",\"name\":\"Distri-Croquettes-Gard\",\"description\":\"Alimentions pour Chien et Chat\",\"publisher\":{\"@id\":\"https:\\\/\\\/www.distri-croquettes-gard.fr\\\/site\\\/#organization\"},\"potentialAction\":[{\"@type\":\"SearchAction\",\"target\":{\"@type\":\"EntryPoint\",\"urlTemplate\":\"https:\\\/\\\/www.distri-croquettes-gard.fr\\\/site\\\/?s={search_term_string}\"},\"query-input\":{\"@type\":\"PropertyValueSpecification\",\"valueRequired\":true,\"valueName\":\"search_term_string\"}}],\"inLanguage\":\"fr-FR\"},{\"@type\":\"Organization\",\"@id\":\"https:\\\/\\\/www.distri-croquettes-gard.fr\\\/site\\\/#organization\",\"name\":\"Distri-Croquettes-Gard\",\"url\":\"https:\\\/\\\/www.distri-croquettes-gard.fr\\\/site\\\/\",\"logo\":{\"@type\":\"ImageObject\",\"inLanguage\":\"fr-FR\",\"@id\":\"https:\\\/\\\/www.distri-croquettes-gard.fr\\\/site\\\/#\\\/schema\\\/logo\\\/image\\\/\",\"url\":\"https:\\\/\\\/www.distri-croquettes-gard.fr\\\/site\\\/wp-content\\\/uploads\\\/2025\\\/02\\\/logo-distri-croquettes-gard.png\",\"contentUrl\":\"https:\\\/\\\/www.distri-croquettes-gard.fr\\\/site\\\/wp-content\\\/uploads\\\/2025\\\/02\\\/logo-distri-croquettes-gard.png\",\"width\":400,\"height\":78,\"caption\":\"Distri-Croquettes-Gard\"},\"image\":{\"@id\":\"https:\\\/\\\/www.distri-croquettes-gard.fr\\\/site\\\/#\\\/schema\\\/logo\\\/image\\\/\"}}]}<\/script>\n<!-- \/ Yoast SEO plugin. -->","yoast_head_json":{"title":"LOBO AZUL DIARIO - Distri-Croquettes-Gard","robots":{"index":"index","follow":"follow","max-snippet":"max-snippet:-1","max-image-preview":"max-image-preview:large","max-video-preview":"max-video-preview:-1"},"canonical":"https:\/\/www.distri-croquettes-gard.fr\/site\/produit\/lobo-azul-diario\/","og_locale":"fr_FR","og_type":"article","og_title":"LOBO AZUL DIARIO - Distri-Croquettes-Gard","og_description":"Aliment complet \u00e9quilibr\u00e9 pour chiens Avec de l&rsquo;agneau, du canard, du thon, et de l&rsquo;huile de saumon. Lobo Azul journalier est un aliment \u00e9quilibr\u00e9 pour chiens adultes, de diff\u00e9rentes tailles,","og_url":"https:\/\/www.distri-croquettes-gard.fr\/site\/produit\/lobo-azul-diario\/","og_site_name":"Distri-Croquettes-Gard","article_modified_time":"2025-02-21T15:09:50+00:00","og_image":[{"width":400,"height":400,"url":"https:\/\/www.distri-croquettes-gard.fr\/site\/wp-content\/uploads\/2025\/02\/Lobo-Azul.png","type":"image\/png"}],"twitter_card":"summary_large_image","twitter_misc":{"Dur\u00e9e de lecture estim\u00e9e":"3 minutes"},"schema":{"@context":"https:\/\/schema.org","@graph":[{"@type":"WebPage","@id":"https:\/\/www.distri-croquettes-gard.fr\/site\/produit\/lobo-azul-diario\/","url":"https:\/\/www.distri-croquettes-gard.fr\/site\/produit\/lobo-azul-diario\/","name":"LOBO AZUL DIARIO - Distri-Croquettes-Gard","isPartOf":{"@id":"https:\/\/www.distri-croquettes-gard.fr\/site\/#website"},"primaryImageOfPage":{"@id":"https:\/\/www.distri-croquettes-gard.fr\/site\/produit\/lobo-azul-diario\/#primaryimage"},"image":{"@id":"https:\/\/www.distri-croquettes-gard.fr\/site\/produit\/lobo-azul-diario\/#primaryimage"},"thumbnailUrl":"https:\/\/www.distri-croquettes-gard.fr\/site\/wp-content\/uploads\/2025\/02\/Lobo-Azul.png","datePublished":"2025-02-21T13:37:55+00:00","dateModified":"2025-02-21T15:09:50+00:00","breadcrumb":{"@id":"https:\/\/www.distri-croquettes-gard.fr\/site\/produit\/lobo-azul-diario\/#breadcrumb"},"inLanguage":"fr-FR","potentialAction":[{"@type":"ReadAction","target":["https:\/\/www.distri-croquettes-gard.fr\/site\/produit\/lobo-azul-diario\/"]}]},{"@type":"ImageObject","inLanguage":"fr-FR","@id":"https:\/\/www.distri-croquettes-gard.fr\/site\/produit\/lobo-azul-diario\/#primaryimage","url":"https:\/\/www.distri-croquettes-gard.fr\/site\/wp-content\/uploads\/2025\/02\/Lobo-Azul.png","contentUrl":"https:\/\/www.distri-croquettes-gard.fr\/site\/wp-content\/uploads\/2025\/02\/Lobo-Azul.png","width":400,"height":400,"caption":"Croquettes Lobo-Azul"},{"@type":"BreadcrumbList","@id":"https:\/\/www.distri-croquettes-gard.fr\/site\/produit\/lobo-azul-diario\/#breadcrumb","itemListElement":[{"@type":"ListItem","position":1,"name":"Accueil","item":"https:\/\/www.distri-croquettes-gard.fr\/site\/"},{"@type":"ListItem","position":2,"name":"D\u00e9couvrez certains de nos produits disponibles en magasin","item":"https:\/\/www.distri-croquettes-gard.fr\/site\/boutique\/"},{"@type":"ListItem","position":3,"name":"LOBO AZUL DIARIO"}]},{"@type":"WebSite","@id":"https:\/\/www.distri-croquettes-gard.fr\/site\/#website","url":"https:\/\/www.distri-croquettes-gard.fr\/site\/","name":"Distri-Croquettes-Gard","description":"Alimentions pour Chien et Chat","publisher":{"@id":"https:\/\/www.distri-croquettes-gard.fr\/site\/#organization"},"potentialAction":[{"@type":"SearchAction","target":{"@type":"EntryPoint","urlTemplate":"https:\/\/www.distri-croquettes-gard.fr\/site\/?s={search_term_string}"},"query-input":{"@type":"PropertyValueSpecification","valueRequired":true,"valueName":"search_term_string"}}],"inLanguage":"fr-FR"},{"@type":"Organization","@id":"https:\/\/www.distri-croquettes-gard.fr\/site\/#organization","name":"Distri-Croquettes-Gard","url":"https:\/\/www.distri-croquettes-gard.fr\/site\/","logo":{"@type":"ImageObject","inLanguage":"fr-FR","@id":"https:\/\/www.distri-croquettes-gard.fr\/site\/#\/schema\/logo\/image\/","url":"https:\/\/www.distri-croquettes-gard.fr\/site\/wp-content\/uploads\/2025\/02\/logo-distri-croquettes-gard.png","contentUrl":"https:\/\/www.distri-croquettes-gard.fr\/site\/wp-content\/uploads\/2025\/02\/logo-distri-croquettes-gard.png","width":400,"height":78,"caption":"Distri-Croquettes-Gard"},"image":{"@id":"https:\/\/www.distri-croquettes-gard.fr\/site\/#\/schema\/logo\/image\/"}}]}},"jetpack_sharing_enabled":true,"_links":{"self":[{"href":"https:\/\/www.distri-croquettes-gard.fr\/site\/wp-json\/wp\/v2\/product\/1255","targetHints":{"allow":["GET"]}}],"collection":[{"href":"https:\/\/www.distri-croquettes-gard.fr\/site\/wp-json\/wp\/v2\/product"}],"about":[{"href":"https:\/\/www.distri-croquettes-gard.fr\/site\/wp-json\/wp\/v2\/types\/product"}],"version-history":[{"count":4,"href":"https:\/\/www.distri-croquettes-gard.fr\/site\/wp-json\/wp\/v2\/product\/1255\/revisions"}],"predecessor-version":[{"id":1259,"href":"https:\/\/www.distri-croquettes-gard.fr\/site\/wp-json\/wp\/v2\/product\/1255\/revisions\/1259"}],"wp:featuredmedia":[{"embeddable":true,"href":"https:\/\/www.distri-croquettes-gard.fr\/site\/wp-json\/wp\/v2\/media\/1140"}],"wp:attachment":[{"href":"https:\/\/www.distri-croquettes-gard.fr\/site\/wp-json\/wp\/v2\/media?parent=1255"}],"wp:term":[{"taxonomy":"product_brand","embeddable":true,"href":"https:\/\/www.distri-croquettes-gard.fr\/site\/wp-json\/wp\/v2\/product_brand?post=1255"},{"taxonomy":"product_cat","embeddable":true,"href":"https:\/\/www.distri-croquettes-gard.fr\/site\/wp-json\/wp\/v2\/product_cat?post=1255"},{"taxonomy":"product_tag","embeddable":true,"href":"https:\/\/www.distri-croquettes-gard.fr\/site\/wp-json\/wp\/v2\/product_tag?post=1255"}],"curies":[{"name":"wp","href":"https:\/\/api.w.org\/{rel}","templated":true}]}}