{"id":1242,"date":"2025-02-20T17:48:12","date_gmt":"2025-02-20T16:48:12","guid":{"rendered":"https:\/\/www.distri-croquettes-gard.fr\/site\/?post_type=product&#038;p=1242"},"modified":"2025-02-20T22:58:40","modified_gmt":"2025-02-20T21:58:40","slug":"lobo-azul-competition","status":"publish","type":"product","link":"https:\/\/www.distri-croquettes-gard.fr\/site\/produit\/lobo-azul-competition\/","title":{"rendered":"LOBO AZUL COMPETITION"},"content":{"rendered":"<p><strong>Aliment complet \u00e9quilibr\u00e9 pour chiens<\/strong><\/p>\n<p>Avec poulet, thon, canard et huile de saumon. Lobo Azul Comp\u00e9tition est un aliment \u00e9quilibr\u00e9 complet pour chiens adultes, avec une grande activit\u00e9 physique. Il offre une haute teneur en prot\u00e9ine de qualit\u00e9 hautement digestible obtenu du poulet. R\u00e9gime id\u00e9al pour la consommation de chiens qui habitent dans climats froids ou m\u00e8nent une haute activit\u00e9 physique.<br \/>\nFabriqu\u00e9 sans gluten avec des mati\u00e8res premi\u00e8res de qualit\u00e9 maximale qui contribuent \u00e0 tenir la bonne sante de votre chien, sous des conditions exigeantes. Avec de la viande de poulet d\u00e9shydrat\u00e9 pour un correct d\u00e9veloppement musculaire et une bonne r\u00e9cup\u00e9ration du muscle apr\u00e8s l\u2019exercice. Avec un haut apport calorique pour combler les besoins d\u2019un exercice tr\u00e8s intense.<br \/>\nHaute teneur des chondroprotecteurs pour les articulations et du soutien articulaire comme l\u2019extrait de moule verte. Tr\u00e8s app\u00e9tissant pour un bon apport nutritionnel.<\/p>\n<p><strong>Composition<\/strong><\/p>\n<p>Viandes d\u00e9shydrat\u00e9es vari\u00e9es et poissons bleus minimum 51% (dont le poulet d\u00e9shydrat\u00e9 (min. 24%), le thon (min. 14% de farine LT), le canard d\u00e9shydrat\u00e9 (min.10%), la dinde d\u00e9shydrat\u00e9e (min,3%)), Riz int\u00e9gral (min. 20%), graisse des oiseaux, l\u00e9gumineuses (pois et carottes), huile de saumon (riche en om\u00e9ga 3), ar\u00f4me naturel du foie de poulet, levure de bi\u00e8re, chariot de poulet pour le foie de poulet, extrait de glucosamine \u00e0 l\u00e8vres verte (Perna canaliculus), probiotiques, pr\u00e9biotiques (MOS, FOS), antioxydants naturels (tocoph\u00e9rioles, s\u00e9l\u00e9nium, extrait de romarin), extrait de schidigera yucca, vitamines et min\u00e9raux.<\/p>\n<p><strong>Composants analytiques: <\/strong><\/p>\n<p>Prot\u00e9ine Bruce: 33%, huiles brutes et graisses: 23%, humidit\u00e9: 10%, cendres brutes: 5,5%, fibre brute: 2%, calcium: 1,2%, phosphore: 1,1%, sodium: sodium: sodium: sodium: Sodium: Sodium: Sodium: Sodium: Sodium: 0,3%, potassium: 0,5%, lysine: 1,5%, acide linol\u00e9ique: 3%, om\u00e9ga 6 et om\u00e9ga 3, DHA (acide docosahexaeneo\u00efque): 0,4%, EPA (acide eicosop\u00e9\u00e8ne):: 0,3%, chondro\u00eftine sulfate: 960 mg \/ kg, chlorhydrate de glycosamine: 1 320 mg \/ kg, biotine: 0,2 mg \/ kg, acide folique: 0,5 mg \/ kg.<\/p>\n<p><strong>Addictif nutrioanal(par kg): <\/strong><\/p>\n<p>Vitamine A (3A672A) 24000 UI, vitamine D3 (3A671) 1800 UI, vitamine E (3A700) 270 mg, taurine (3A370) 450 mg, fer (3B101) 155 mg (360 mg de carbonate de fer (II) ), Iode (3b201) 1,6 mg (3 mg d&rsquo;iodure de potassium), cuivre (3b405) 9 mg (38 mg de sulfate de cuivre (ii) pentahydrate), mangan\u00e8se (3b502) 8 mg (19 mg oxyde mangan\u00e9), zinc (3b603) 130 Mg (167 mg d&rsquo;oxyde de zinc), mastication du zinc (3B606) 20,2 mg (202 mg de zinc quelato de amin\u00e9 acides), s\u00e9l\u00e9nium (3B801) 0,18 mg (0,4 mg de s\u00e9l\u00e9nito de sodium), additifs technologiques: antioxydants.<\/p>\n<p>&nbsp;<\/p>\n<p><strong>Recommandation d\u00b4alimentation:<\/strong><\/p>\n<table style=\"height: 800px;\" width=\"800\">\n<tbody>\n<tr>\n<td width=\"173\">\n<p style=\"text-align: center;\"><strong>Le poids de votre chien<\/strong><\/p>\n<\/td>\n<td style=\"text-align: center;\" width=\"122\">\n<p style=\"text-align: center;\"><strong>Ration quotidienne<\/strong><\/p>\n<\/td>\n<\/tr>\n<tr>\n<td width=\"173\">\n<p style=\"text-align: center;\">2 kg<\/p>\n<\/td>\n<td width=\"122\">\n<p style=\"text-align: center;\">25 &#8211; 45 g<\/p>\n<\/td>\n<\/tr>\n<tr>\n<td width=\"173\">\n<p style=\"text-align: center;\">5 kg<\/p>\n<\/td>\n<td width=\"122\">\n<p style=\"text-align: center;\">50 &#8211; 80 g<\/p>\n<\/td>\n<\/tr>\n<tr>\n<td width=\"173\">\n<p style=\"text-align: center;\">10 kg<\/p>\n<\/td>\n<td width=\"122\">\n<p style=\"text-align: center;\">100 &#8211; 150 g<\/p>\n<\/td>\n<\/tr>\n<tr>\n<td width=\"173\">\n<p style=\"text-align: center;\">15 kg<\/p>\n<\/td>\n<td width=\"122\">\n<p style=\"text-align: center;\">150 &#8211; 200 g<\/p>\n<\/td>\n<\/tr>\n<tr>\n<td width=\"173\">\n<p style=\"text-align: center;\">20 kg<\/p>\n<\/td>\n<td width=\"122\">\n<p style=\"text-align: center;\">200 &#8211; 250 g<\/p>\n<\/td>\n<\/tr>\n<tr>\n<td width=\"173\">\n<p style=\"text-align: center;\">25 kg<\/p>\n<\/td>\n<td width=\"122\">\n<p style=\"text-align: center;\">250 &#8211; 300 g<\/p>\n<\/td>\n<\/tr>\n<tr>\n<td width=\"173\">\n<p style=\"text-align: center;\">30 kg<\/p>\n<\/td>\n<td width=\"122\">\n<p style=\"text-align: center;\">300 &#8211; 350 g<\/p>\n<\/td>\n<\/tr>\n<tr>\n<td width=\"173\">\n<p style=\"text-align: center;\">35 kg<\/p>\n<\/td>\n<td width=\"122\">\n<p style=\"text-align: center;\">350 &#8211; 400 g<\/p>\n<\/td>\n<\/tr>\n<tr>\n<td width=\"173\">\n<p style=\"text-align: center;\">40 kg<\/p>\n<\/td>\n<td width=\"122\">\n<p style=\"text-align: center;\">400 &#8211; 450 g<\/p>\n<\/td>\n<\/tr>\n<tr>\n<td width=\"173\">\n<p style=\"text-align: center;\">45 kg<\/p>\n<\/td>\n<td width=\"122\">\n<p style=\"text-align: center;\">450 &#8211; 500 g<\/p>\n<\/td>\n<\/tr>\n<tr>\n<td style=\"text-align: center;\" width=\"173\">50 kg<\/td>\n<td width=\"122\">\n<p style=\"text-align: center;\">500 &#8211; 550 g<\/p>\n<\/td>\n<\/tr>\n<tr>\n<td style=\"text-align: center;\" width=\"173\">55 kg<\/td>\n<td width=\"122\">\n<p style=\"text-align: center;\">550 &#8211; 600 g<\/p>\n<\/td>\n<\/tr>\n<\/tbody>\n<\/table>\n<p>Les rations sont approximatives; elles peuvent changer selon plusieurs facteurs, tels que:<br \/>\n\u00e2ge, race, temp\u00e9rament, niveaux d\u2019activit\u00e9, climat\u2026elles doivent \u00eatre adapt\u00e9es pour tenir le poids optimale de votre chien. \u00c1 titre indicatif, la ration journali\u00e8re sera entre le 1% et le 1,5% du poids du chien. Distribuer \u00e0 sec en laissant de l\u2019eau fra\u00eeche \u00e0 disposition de votre chien. Conserver dans un endroit frais et sec, avec le sac bien ferm\u00e9.<\/p>\n","protected":false},"excerpt":{"rendered":"<p>PROTE\u00cdNE D\u00b4ORIGINE ANIMALE: 85%<br \/>\nGRAISSES: 23%<br \/>\nPROTE\u00cdNE: 32%<br \/>\nENERGIE M\u00c9TABOLISABLE: 4390 Kcal\/kg<\/p>\n<ul>\n<li><strong>100% naturel.<\/strong><\/li>\n<li>Sans transg\u00e9nique, gluten sans.<\/li>\n<li>Conservateurs naturels.<\/li>\n<li>\u00a0Id\u00e9al pour les chiens avec des intol\u00e9rances.<\/li>\n<li><strong>Digestibilit\u00e9 \u00e9lev\u00e9e.<\/strong><\/li>\n<li>Sans colorants artificiels<\/li>\n<li>Sans ar\u00f4mes artificiels.<\/li>\n<\/ul>\n","protected":false},"featured_media":1252,"template":"","meta":[],"product_brand":[],"product_cat":[168,156],"product_tag":[],"class_list":{"0":"post-1242","1":"product","2":"type-product","3":"status-publish","6":"product_cat-lobo-azul-nourritures-pour-chiens","7":"product_cat-nourritures-pour-chiens","9":"first","10":"instock","11":"shipping-taxable","12":"product-type-simple"},"yoast_head":"<!-- This site is optimized with the Yoast SEO plugin v27.3 - https:\/\/yoast.com\/product\/yoast-seo-wordpress\/ -->\n<title>LOBO AZUL COMPETITION - Distri-Croquettes-Gard<\/title>\n<meta name=\"description\" content=\"Nourriture compl\u00e8te \u00e9quilibr\u00e9e. Avec du poulet, du thon, de l&#039;huile de canard et de saumon. Bon d\u00e9veloppement musculaire. Activit\u00e9 physique \u00e9lev\u00e9e.\" \/>\n<meta name=\"robots\" content=\"index, follow, max-snippet:-1, max-image-preview:large, max-video-preview:-1\" \/>\n<link rel=\"canonical\" href=\"https:\/\/www.distri-croquettes-gard.fr\/site\/produit\/lobo-azul-competition\/\" \/>\n<meta property=\"og:locale\" content=\"fr_FR\" \/>\n<meta property=\"og:type\" content=\"article\" \/>\n<meta property=\"og:title\" content=\"LOBO AZUL COMPETITION - Distri-Croquettes-Gard\" \/>\n<meta property=\"og:description\" content=\"Nourriture compl\u00e8te \u00e9quilibr\u00e9e. Avec du poulet, du thon, de l&#039;huile de canard et de saumon. Bon d\u00e9veloppement musculaire. Activit\u00e9 physique \u00e9lev\u00e9e.\" \/>\n<meta property=\"og:url\" content=\"https:\/\/www.distri-croquettes-gard.fr\/site\/produit\/lobo-azul-competition\/\" \/>\n<meta property=\"og:site_name\" content=\"Distri-Croquettes-Gard\" \/>\n<meta property=\"article:modified_time\" content=\"2025-02-20T21:58:40+00:00\" \/>\n<meta property=\"og:image\" content=\"https:\/\/www.distri-croquettes-gard.fr\/site\/wp-content\/uploads\/2025\/02\/Lobo-Azul-Competicion-263x502-1.webp\" \/>\n\t<meta property=\"og:image:width\" content=\"264\" \/>\n\t<meta property=\"og:image:height\" content=\"502\" \/>\n\t<meta property=\"og:image:type\" content=\"image\/webp\" \/>\n<meta name=\"twitter:card\" content=\"summary_large_image\" \/>\n<meta name=\"twitter:label1\" content=\"Dur\u00e9e de lecture estim\u00e9e\" \/>\n\t<meta name=\"twitter:data1\" content=\"4 minutes\" \/>\n<script type=\"application\/ld+json\" class=\"yoast-schema-graph\">{\"@context\":\"https:\\\/\\\/schema.org\",\"@graph\":[{\"@type\":\"WebPage\",\"@id\":\"https:\\\/\\\/www.distri-croquettes-gard.fr\\\/site\\\/produit\\\/lobo-azul-competition\\\/\",\"url\":\"https:\\\/\\\/www.distri-croquettes-gard.fr\\\/site\\\/produit\\\/lobo-azul-competition\\\/\",\"name\":\"LOBO AZUL COMPETITION - Distri-Croquettes-Gard\",\"isPartOf\":{\"@id\":\"https:\\\/\\\/www.distri-croquettes-gard.fr\\\/site\\\/#website\"},\"primaryImageOfPage\":{\"@id\":\"https:\\\/\\\/www.distri-croquettes-gard.fr\\\/site\\\/produit\\\/lobo-azul-competition\\\/#primaryimage\"},\"image\":{\"@id\":\"https:\\\/\\\/www.distri-croquettes-gard.fr\\\/site\\\/produit\\\/lobo-azul-competition\\\/#primaryimage\"},\"thumbnailUrl\":\"https:\\\/\\\/www.distri-croquettes-gard.fr\\\/site\\\/wp-content\\\/uploads\\\/2025\\\/02\\\/Lobo-Azul-Competicion-263x502-1.webp\",\"datePublished\":\"2025-02-20T16:48:12+00:00\",\"dateModified\":\"2025-02-20T21:58:40+00:00\",\"description\":\"Nourriture compl\u00e8te \u00e9quilibr\u00e9e. Avec du poulet, du thon, de l'huile de canard et de saumon. Bon d\u00e9veloppement musculaire. Activit\u00e9 physique \u00e9lev\u00e9e.\",\"breadcrumb\":{\"@id\":\"https:\\\/\\\/www.distri-croquettes-gard.fr\\\/site\\\/produit\\\/lobo-azul-competition\\\/#breadcrumb\"},\"inLanguage\":\"fr-FR\",\"potentialAction\":[{\"@type\":\"ReadAction\",\"target\":[\"https:\\\/\\\/www.distri-croquettes-gard.fr\\\/site\\\/produit\\\/lobo-azul-competition\\\/\"]}]},{\"@type\":\"ImageObject\",\"inLanguage\":\"fr-FR\",\"@id\":\"https:\\\/\\\/www.distri-croquettes-gard.fr\\\/site\\\/produit\\\/lobo-azul-competition\\\/#primaryimage\",\"url\":\"https:\\\/\\\/www.distri-croquettes-gard.fr\\\/site\\\/wp-content\\\/uploads\\\/2025\\\/02\\\/Lobo-Azul-Competicion-263x502-1.webp\",\"contentUrl\":\"https:\\\/\\\/www.distri-croquettes-gard.fr\\\/site\\\/wp-content\\\/uploads\\\/2025\\\/02\\\/Lobo-Azul-Competicion-263x502-1.webp\",\"width\":264,\"height\":502,\"caption\":\"Lobo Azul Comp\u00e9tition\"},{\"@type\":\"BreadcrumbList\",\"@id\":\"https:\\\/\\\/www.distri-croquettes-gard.fr\\\/site\\\/produit\\\/lobo-azul-competition\\\/#breadcrumb\",\"itemListElement\":[{\"@type\":\"ListItem\",\"position\":1,\"name\":\"Accueil\",\"item\":\"https:\\\/\\\/www.distri-croquettes-gard.fr\\\/site\\\/\"},{\"@type\":\"ListItem\",\"position\":2,\"name\":\"D\u00e9couvrez certains de nos produits disponibles en magasin\",\"item\":\"https:\\\/\\\/www.distri-croquettes-gard.fr\\\/site\\\/boutique\\\/\"},{\"@type\":\"ListItem\",\"position\":3,\"name\":\"LOBO AZUL COMPETITION\"}]},{\"@type\":\"WebSite\",\"@id\":\"https:\\\/\\\/www.distri-croquettes-gard.fr\\\/site\\\/#website\",\"url\":\"https:\\\/\\\/www.distri-croquettes-gard.fr\\\/site\\\/\",\"name\":\"Distri-Croquettes-Gard\",\"description\":\"Alimentions pour Chien et Chat\",\"publisher\":{\"@id\":\"https:\\\/\\\/www.distri-croquettes-gard.fr\\\/site\\\/#organization\"},\"potentialAction\":[{\"@type\":\"SearchAction\",\"target\":{\"@type\":\"EntryPoint\",\"urlTemplate\":\"https:\\\/\\\/www.distri-croquettes-gard.fr\\\/site\\\/?s={search_term_string}\"},\"query-input\":{\"@type\":\"PropertyValueSpecification\",\"valueRequired\":true,\"valueName\":\"search_term_string\"}}],\"inLanguage\":\"fr-FR\"},{\"@type\":\"Organization\",\"@id\":\"https:\\\/\\\/www.distri-croquettes-gard.fr\\\/site\\\/#organization\",\"name\":\"Distri-Croquettes-Gard\",\"url\":\"https:\\\/\\\/www.distri-croquettes-gard.fr\\\/site\\\/\",\"logo\":{\"@type\":\"ImageObject\",\"inLanguage\":\"fr-FR\",\"@id\":\"https:\\\/\\\/www.distri-croquettes-gard.fr\\\/site\\\/#\\\/schema\\\/logo\\\/image\\\/\",\"url\":\"https:\\\/\\\/www.distri-croquettes-gard.fr\\\/site\\\/wp-content\\\/uploads\\\/2025\\\/02\\\/logo-distri-croquettes-gard.png\",\"contentUrl\":\"https:\\\/\\\/www.distri-croquettes-gard.fr\\\/site\\\/wp-content\\\/uploads\\\/2025\\\/02\\\/logo-distri-croquettes-gard.png\",\"width\":400,\"height\":78,\"caption\":\"Distri-Croquettes-Gard\"},\"image\":{\"@id\":\"https:\\\/\\\/www.distri-croquettes-gard.fr\\\/site\\\/#\\\/schema\\\/logo\\\/image\\\/\"}}]}<\/script>\n<!-- \/ Yoast SEO plugin. -->","yoast_head_json":{"title":"LOBO AZUL COMPETITION - Distri-Croquettes-Gard","description":"Nourriture compl\u00e8te \u00e9quilibr\u00e9e. Avec du poulet, du thon, de l'huile de canard et de saumon. Bon d\u00e9veloppement musculaire. Activit\u00e9 physique \u00e9lev\u00e9e.","robots":{"index":"index","follow":"follow","max-snippet":"max-snippet:-1","max-image-preview":"max-image-preview:large","max-video-preview":"max-video-preview:-1"},"canonical":"https:\/\/www.distri-croquettes-gard.fr\/site\/produit\/lobo-azul-competition\/","og_locale":"fr_FR","og_type":"article","og_title":"LOBO AZUL COMPETITION - Distri-Croquettes-Gard","og_description":"Nourriture compl\u00e8te \u00e9quilibr\u00e9e. Avec du poulet, du thon, de l'huile de canard et de saumon. Bon d\u00e9veloppement musculaire. Activit\u00e9 physique \u00e9lev\u00e9e.","og_url":"https:\/\/www.distri-croquettes-gard.fr\/site\/produit\/lobo-azul-competition\/","og_site_name":"Distri-Croquettes-Gard","article_modified_time":"2025-02-20T21:58:40+00:00","og_image":[{"width":264,"height":502,"url":"https:\/\/www.distri-croquettes-gard.fr\/site\/wp-content\/uploads\/2025\/02\/Lobo-Azul-Competicion-263x502-1.webp","type":"image\/webp"}],"twitter_card":"summary_large_image","twitter_misc":{"Dur\u00e9e de lecture estim\u00e9e":"4 minutes"},"schema":{"@context":"https:\/\/schema.org","@graph":[{"@type":"WebPage","@id":"https:\/\/www.distri-croquettes-gard.fr\/site\/produit\/lobo-azul-competition\/","url":"https:\/\/www.distri-croquettes-gard.fr\/site\/produit\/lobo-azul-competition\/","name":"LOBO AZUL COMPETITION - Distri-Croquettes-Gard","isPartOf":{"@id":"https:\/\/www.distri-croquettes-gard.fr\/site\/#website"},"primaryImageOfPage":{"@id":"https:\/\/www.distri-croquettes-gard.fr\/site\/produit\/lobo-azul-competition\/#primaryimage"},"image":{"@id":"https:\/\/www.distri-croquettes-gard.fr\/site\/produit\/lobo-azul-competition\/#primaryimage"},"thumbnailUrl":"https:\/\/www.distri-croquettes-gard.fr\/site\/wp-content\/uploads\/2025\/02\/Lobo-Azul-Competicion-263x502-1.webp","datePublished":"2025-02-20T16:48:12+00:00","dateModified":"2025-02-20T21:58:40+00:00","description":"Nourriture compl\u00e8te \u00e9quilibr\u00e9e. Avec du poulet, du thon, de l'huile de canard et de saumon. Bon d\u00e9veloppement musculaire. Activit\u00e9 physique \u00e9lev\u00e9e.","breadcrumb":{"@id":"https:\/\/www.distri-croquettes-gard.fr\/site\/produit\/lobo-azul-competition\/#breadcrumb"},"inLanguage":"fr-FR","potentialAction":[{"@type":"ReadAction","target":["https:\/\/www.distri-croquettes-gard.fr\/site\/produit\/lobo-azul-competition\/"]}]},{"@type":"ImageObject","inLanguage":"fr-FR","@id":"https:\/\/www.distri-croquettes-gard.fr\/site\/produit\/lobo-azul-competition\/#primaryimage","url":"https:\/\/www.distri-croquettes-gard.fr\/site\/wp-content\/uploads\/2025\/02\/Lobo-Azul-Competicion-263x502-1.webp","contentUrl":"https:\/\/www.distri-croquettes-gard.fr\/site\/wp-content\/uploads\/2025\/02\/Lobo-Azul-Competicion-263x502-1.webp","width":264,"height":502,"caption":"Lobo Azul Comp\u00e9tition"},{"@type":"BreadcrumbList","@id":"https:\/\/www.distri-croquettes-gard.fr\/site\/produit\/lobo-azul-competition\/#breadcrumb","itemListElement":[{"@type":"ListItem","position":1,"name":"Accueil","item":"https:\/\/www.distri-croquettes-gard.fr\/site\/"},{"@type":"ListItem","position":2,"name":"D\u00e9couvrez certains de nos produits disponibles en magasin","item":"https:\/\/www.distri-croquettes-gard.fr\/site\/boutique\/"},{"@type":"ListItem","position":3,"name":"LOBO AZUL COMPETITION"}]},{"@type":"WebSite","@id":"https:\/\/www.distri-croquettes-gard.fr\/site\/#website","url":"https:\/\/www.distri-croquettes-gard.fr\/site\/","name":"Distri-Croquettes-Gard","description":"Alimentions pour Chien et Chat","publisher":{"@id":"https:\/\/www.distri-croquettes-gard.fr\/site\/#organization"},"potentialAction":[{"@type":"SearchAction","target":{"@type":"EntryPoint","urlTemplate":"https:\/\/www.distri-croquettes-gard.fr\/site\/?s={search_term_string}"},"query-input":{"@type":"PropertyValueSpecification","valueRequired":true,"valueName":"search_term_string"}}],"inLanguage":"fr-FR"},{"@type":"Organization","@id":"https:\/\/www.distri-croquettes-gard.fr\/site\/#organization","name":"Distri-Croquettes-Gard","url":"https:\/\/www.distri-croquettes-gard.fr\/site\/","logo":{"@type":"ImageObject","inLanguage":"fr-FR","@id":"https:\/\/www.distri-croquettes-gard.fr\/site\/#\/schema\/logo\/image\/","url":"https:\/\/www.distri-croquettes-gard.fr\/site\/wp-content\/uploads\/2025\/02\/logo-distri-croquettes-gard.png","contentUrl":"https:\/\/www.distri-croquettes-gard.fr\/site\/wp-content\/uploads\/2025\/02\/logo-distri-croquettes-gard.png","width":400,"height":78,"caption":"Distri-Croquettes-Gard"},"image":{"@id":"https:\/\/www.distri-croquettes-gard.fr\/site\/#\/schema\/logo\/image\/"}}]}},"jetpack_sharing_enabled":true,"_links":{"self":[{"href":"https:\/\/www.distri-croquettes-gard.fr\/site\/wp-json\/wp\/v2\/product\/1242","targetHints":{"allow":["GET"]}}],"collection":[{"href":"https:\/\/www.distri-croquettes-gard.fr\/site\/wp-json\/wp\/v2\/product"}],"about":[{"href":"https:\/\/www.distri-croquettes-gard.fr\/site\/wp-json\/wp\/v2\/types\/product"}],"version-history":[{"count":7,"href":"https:\/\/www.distri-croquettes-gard.fr\/site\/wp-json\/wp\/v2\/product\/1242\/revisions"}],"predecessor-version":[{"id":1254,"href":"https:\/\/www.distri-croquettes-gard.fr\/site\/wp-json\/wp\/v2\/product\/1242\/revisions\/1254"}],"wp:featuredmedia":[{"embeddable":true,"href":"https:\/\/www.distri-croquettes-gard.fr\/site\/wp-json\/wp\/v2\/media\/1252"}],"wp:attachment":[{"href":"https:\/\/www.distri-croquettes-gard.fr\/site\/wp-json\/wp\/v2\/media?parent=1242"}],"wp:term":[{"taxonomy":"product_brand","embeddable":true,"href":"https:\/\/www.distri-croquettes-gard.fr\/site\/wp-json\/wp\/v2\/product_brand?post=1242"},{"taxonomy":"product_cat","embeddable":true,"href":"https:\/\/www.distri-croquettes-gard.fr\/site\/wp-json\/wp\/v2\/product_cat?post=1242"},{"taxonomy":"product_tag","embeddable":true,"href":"https:\/\/www.distri-croquettes-gard.fr\/site\/wp-json\/wp\/v2\/product_tag?post=1242"}],"curies":[{"name":"wp","href":"https:\/\/api.w.org\/{rel}","templated":true}]}}